{"id":19819,"date":"2022-01-20T18:30:25","date_gmt":"2022-01-20T18:30:25","guid":{"rendered":"https:\/\/emauto.de\/?page_id=19819"},"modified":"2022-06-30T10:03:28","modified_gmt":"2022-06-30T10:03:28","slug":"faq-und-support","status":"publish","type":"page","link":"https:\/\/emauto.de\/de\/faq-und-support\/","title":{"rendered":"FAQ und Support"},"content":{"rendered":"\n<div class=\"wp-block-columns is-layout-flex wp-container-core-columns-is-layout-9d6595d7 wp-block-columns-is-layout-flex\">\n<div class=\"wp-block-column is-layout-flow wp-block-column-is-layout-flow\">\n<h2 class=\"has-text-align-left has-text-color wp-block-heading\" id=\"haufig-gestellte-fragen\" style=\"color:#07244a\">H\u00e4ufig gestellte Fragen<\/h2>\n\n\n\n<div style=\"height:30px\" aria-hidden=\"true\" class=\"wp-block-spacer\"><\/div>\n\n\n\n<div class=\"schema-faq wp-block-yoast-faq-block\"><div class=\"schema-faq-section\" id=\"faq-question-1655303449893\"><strong class=\"schema-faq-question\">Kann ich mein Auto an EmAuto verkaufen, ohne ein Auto von EmAuto zu kaufen?<\/strong> <p class=\"schema-faq-answer\">Ja, und unser Angebot bleibt gleich \u2013 egal, ob Sie bei uns kaufen oder nicht.<\/p> <\/div> <div class=\"schema-faq-section\" id=\"faq-question-1655303498993\"><strong class=\"schema-faq-question\">Ist das Online-Angebot ein echtes Angebot oder ein Kostenvoranschlag?<\/strong> <p class=\"schema-faq-answer\">Wir bieten echte Angebote, sowohl online als auch im Gesch\u00e4ft, und alle unsere Angebote sind 7 Tage g\u00fcltig. Wenn Sie ein online erhaltenes Angebot einl\u00f6sen m\u00f6chten, bringen Sie es zu uns ins B\u00fcro bzw. in den Laden. Sobald wir es \u00fcberpr\u00fcft haben, ob der Zustand Ihres Autos mit den Informationen \u00fcbereinstimmt, die wir online erhalten haben, erhalten Sie die Zahlung auf die Hand. Einige Angebote werden nach dem \u00dcberpr\u00fcfungsvorgang angepasst.<\/p> <\/div> <div class=\"schema-faq-section\" id=\"faq-question-1655303515143\"><strong class=\"schema-faq-question\">Kann ich mein Online-Angebot verhandeln?<\/strong> <p class=\"schema-faq-answer\">Ja, bitte rufen Sie uns dazu am besten an, oder schreiben Sie uns eine E-Mail.<\/p> <\/div> <div class=\"schema-faq-section\" id=\"faq-question-1655303559908\"><strong class=\"schema-faq-question\">Kann ich sowohl eine Online- als auch eine Ladenbewertung erhalten?<\/strong> <p class=\"schema-faq-answer\">Wenn Sie ein Online-Angebot per E-Mail erhalten haben, ist eine zus\u00e4tzliche Bewertung nicht erforderlich, es sei denn, das Angebot ist nicht mehr g\u00fcltig. Wir verwenden die gleichen Bewertungskriterien online und im Gesch\u00e4ft, und der Zustand jedes Autos wird bei der Einl\u00f6sung eines Online-Angebots pers\u00f6nlich \u00fcberpr\u00fcft. Online-Angebote passen wir nur an, wenn der Zustand eines Autos von den online erhaltenen Informationen abweicht.<\/p> <\/div> <div class=\"schema-faq-section\" id=\"faq-question-1655303574070\"><strong class=\"schema-faq-question\">Kann ich sowohl eine Online- als auch eine Ladenbewertung\/Vor-Ort-Bewertung erhalten?<\/strong> <p class=\"schema-faq-answer\">Wenn Sie ein Online-Angebot per E-Mail erhalten haben, ist eine zus\u00e4tzliche Bewertung vor Ort immer besser. Vor Ort k\u00f6nnen wir Ihr Auto besser bewerten. Wir verwenden online und im Gesch\u00e4ft die gleichen Bewertungskriterien. Zudem wird der Zustand jedes einzelnen Autos bei der Einl\u00f6sung eines Online-Angebots noch pers\u00f6nlich \u00fcberpr\u00fcft. Online-Angebote passen wir nur an, wenn der Zustand eines Autos von den online erhaltenen Informationen abweicht.<\/p> <\/div> <div class=\"schema-faq-section\" id=\"faq-question-1655303596990\"><strong class=\"schema-faq-question\">Kann ich mein Angebot online abrufen?<\/strong> <p class=\"schema-faq-answer\">Nein, Sie k\u00f6nnen Ihr Auto jederzeit gerne zu unserem EmAuto-Gesch\u00e4ft zur Begutachtung bringen. Um eine Bewertung im Gesch\u00e4ft zu erhalten, k\u00f6nnen Sie entweder einen Termin vereinbaren oder einfach vorbeikommen, wann immer es Ihnen passt.<\/p> <\/div> <div class=\"schema-faq-section\" id=\"faq-question-1655303608910\"><strong class=\"schema-faq-question\">Was mache ich, nachdem ich ein Online-Angebot per E-Mail erhalten habe?<\/strong> <p class=\"schema-faq-answer\">Wenn Sie Ihr Angebot einl\u00f6sen und Ihr Auto an EmAuto verkaufen m\u00f6chten, haben Sie ab dem Tag der Angebotsabgabe 7 Tage Zeit. Sie k\u00f6nnen entweder einen Termin vereinbaren oder das Auto einfach zu uns vorbeibringen, wenn wir ge\u00f6ffnet haben. Wir \u00fcberpr\u00fcfen den Zustand Ihres Autos, nehmen das Angebot an und Sie k\u00f6nnen mit der Zahlung in der Hand nach Hause gehen.<\/p> <\/div> <div class=\"schema-faq-section\" id=\"faq-question-1655303622292\"><strong class=\"schema-faq-question\">Holen Sie mein Fahrzeug bei mir zu Hause ab?<\/strong> <p class=\"schema-faq-answer\">Wir bieten derzeit keinen Abholservice an. Angebote k\u00f6nnen bei uns im EmAuto-Gesch\u00e4ft eingel\u00f6st werden.<\/p> <\/div> <div class=\"schema-faq-section\" id=\"faq-question-1655303637392\"><strong class=\"schema-faq-question\">Brauche ich einen Termin, um mein Auto zu verkaufen?<\/strong> <p class=\"schema-faq-answer\">Aufgrund der Pandemie haben viele Gesch\u00e4fte nur nach Terminvereinbarung ge\u00f6ffnet. Sie k\u00f6nnen einen Termin \u00fcber das Terminformular auf dieser Seite oder telefonisch in unserem Gesch\u00e4ft vor Ort vereinbaren. Sie k\u00f6nnen den Status unseres Gesch\u00e4fts auch auf Kontakt (Button) \u00fcberpr\u00fcfen.<\/p> <\/div> <div class=\"schema-faq-section\" id=\"faq-question-1655303658425\"><strong class=\"schema-faq-question\">Muss ich mein Auto sofort verkaufen, sobald ich das Angebot erhalten habe?<\/strong> <p class=\"schema-faq-answer\">Sie k\u00f6nnen Ihr Auto sieben Tage lang im EmAuto-Gesch\u00e4ft mit demselben schriftlichen Angebot verkaufen. Wenn Ihre Bewertung vor mehr als sieben Tagen abgeschlossen wurde, bewerten wir Ihr Auto erneut und erstellen ein aktualisiertes Angebot vor Ort.<\/p> <\/div> <div class=\"schema-faq-section\" id=\"faq-question-1655303670069\"><strong class=\"schema-faq-question\">Wie bestimmen Sie mein Angebot?<\/strong> <p class=\"schema-faq-answer\">Wir \u00fcberpr\u00fcfen die aktuellen Marktbedingungen sowie die spezifischen Daten Ihres Autos (Jahrgang, Marke, Modell, Kilometerstand, Fahrzeug-Verlaufsbericht oder auch Wartungsheft gennant). Wir untersuchen den Zustand Ihres Autos innen und au\u00dfen auf gr\u00f6\u00dfere M\u00e4ngel wie Karosserie- oder \u00dcberschwemmungssch\u00e4den. Wir fahren Ihr Auto auch zur Probe und pr\u00fcfen, ob die Bremsen und Blinker (unter anderem) funktionieren. Im Reparaturfall k\u00f6nnen wir unser Angebot entsprechend anpassen. Die regelm\u00e4\u00dfige Wartung und Pflege Ihres Autos ist das wichtigste Kriterium f\u00fcr unser Bewertungsangebot. Im Falle des Online-Angebots bitten wir manchmal auch darum, uns zus\u00e4tzliche Fahrzeugbilder per E-Mail zu senden. Wir ben\u00f6tigen die zus\u00e4tzlichen Fotografien, um ein genaues Angebot zu erstellen.<\/p> <\/div> <div class=\"schema-faq-section\" id=\"faq-question-1655303680417\"><strong class=\"schema-faq-question\">Was brauche ich, um mein Auto zu verkaufen?<\/strong> <p class=\"schema-faq-answer\">Die Anforderungen k\u00f6nnen variieren, aber es gibt einige Dinge, die Sie ben\u00f6tigen:<br\/>&#8211; G\u00fcltige und aktuelle Anmeldung<br\/>&#8211; G\u00fcltiger staatlich ausgestellter Lichtbildausweis<br\/>&#8211; Alle Schl\u00fcssel und Fernbedienungen<br\/>&#8211; Zulassungsbescheinigung Teil I (fr\u00fcher: Fahrzeugschein)<br\/>&#8211; Zulassungsbescheinigung Teil II (fr\u00fcher: Fahrzeugbrief)<br\/>&#8211; Allgemeine Betriebserlaubnis (ABE) f\u00fcr Umbauteile<br\/>&#8211; Aktuellen HU-Pr\u00fcfbericht<br\/>&#8211; Kennzeichen<br\/>&#8211; Scheckheft\/Inspektionsheft<br\/>&#8211; Kaufvertrag<br\/><br\/>Bitte beachten Sie, dass Sie diese Dinge nicht ben\u00f6tigen, um ein Angebot f\u00fcr Ihr Auto zu erhalten, aber wenn Sie denken, dass Sie uns das Auto verkaufen m\u00f6chten. Wenn Sie Ihr Angebot erhalten haben, sollten Sie mit diesen Unterlagen vorbereitet sein.<\/p> <\/div> <div class=\"schema-faq-section\" id=\"faq-question-1655303691808\"><strong class=\"schema-faq-question\">Wie werde ich f\u00fcr mein Auto bezahlt?<\/strong> <p class=\"schema-faq-answer\">Sie erhalten die Zahlung am selben Tag, an dem Sie uns Ihr Auto verkaufen. Wir zahlen per Bank\u00fcberweisung oder bar.<\/p> <\/div> <div class=\"schema-faq-section\" id=\"faq-question-1655303704283\"><strong class=\"schema-faq-question\">Was ist, wenn ich f\u00fcr mein Auto mehr schulde als der Betrag Ihres Angebots?<\/strong> <p class=\"schema-faq-answer\">Wenn Ihr Auszahlungsbetrag h\u00f6her ist als das Angebot f\u00fcr Ihr Auto, wird die Differenz als \u201enegatives Eigenkapital\u201c bezeichnet. In einigen F\u00e4llen kann das negative Eigenkapital beim Kauf eines Autos in Ihre Finanzierung einbezogen werden. Wenn nicht, berechnen wir die Differenz zwischen Ihrer Auszahlung und unserem Angebot an Sie und Sie k\u00f6nnen EmAuto direkt bezahlen. Im Gesch\u00e4ft akzeptieren wir zertifizierte \u00dcberweisungen, Bargeld und Debitkarten. Unsere schriftlichen Angebote sind 7 Tage lang g\u00fcltig, sodass Sie Zeit haben, alle erforderlichen Mittel f\u00fcr die Abwicklung Ihrer Transaktion zu beschaffen.<\/p> <\/div> <div class=\"schema-faq-section\" id=\"faq-question-1655303717442\"><strong class=\"schema-faq-question\">Kaufen Sie Leasingautos?<\/strong> <p class=\"schema-faq-answer\">Ja! Bei uns k\u00f6nnen Sie Ihr geleastes Auto wie jedes andere finanzierte Auto verkaufen. Wir bewerten das Auto, kontaktieren die Leasinggesellschaft f\u00fcr ein Auszahlungsangebot und bearbeiten Ihr eventuell vorhandenes Eigenkapital. Beachten Sie auch, dass Ihr geleastes Auto m\u00f6glicherweise nicht f\u00fcr den Verkauf in Frage kommt. Erkundigen Sie sich bei Ihrer Leasinggesellschaft nach den vollst\u00e4ndigen Details.<\/p> <\/div> <div class=\"schema-faq-section\" id=\"faq-question-1655303727668\"><strong class=\"schema-faq-question\">Kann ich ein Auto im Auftrag eines Unternehmens verkaufen?<\/strong> <p class=\"schema-faq-answer\">Wenn Sie ein Auto im Auftrag eines Unternehmens verkaufen m\u00f6chten, wenden Sie sich an unseren Mitarbeiter, um die erforderlichen Voraussetzungen zu erfahren.<\/p> <\/div> <div class=\"schema-faq-section\" id=\"faq-question-1655303741042\"><strong class=\"schema-faq-question\">Kaufen Sie auch Camper, Van oder Wohnmobile?<\/strong> <p class=\"schema-faq-answer\">Ja! Wir kaufen jedes Auto. Unabh\u00e4ngig von der Marke, vom Kilometerstand oder Zustand \u2013 wir kaufen Ihr Auto. Wir kaufen Fahrzeuge aller Art. Lassen Sie uns Ihr Auto bewerten, Sie erhalten von uns ein Angebot. F\u00fcr weitere Fragen wenden Sie sich an unsere Mitarbeiter.<\/p> <\/div> <div class=\"schema-faq-section\" id=\"faq-question-1655303756595\"><strong class=\"schema-faq-question\">Warum sollten Sie an uns f\u00fcr den Export verkaufen?<\/strong> <p class=\"schema-faq-answer\">Der Export eines Autos ist eine M\u00f6glichkeit, um selbst sehr alte Gebrauchtwagen noch mit etwas Gewinn verkaufen zu k\u00f6nnen. Doch auf eigene Faust das Fahrzeug ins Ausland zu verkaufen, ist keine gute Idee. Denn beim privaten Autoexport kann hoher logistischer und b\u00fcrokratischer Aufwand entstehen. Aus diesem Grund stehen wir \u2013 &#8222;EmAuto&#8220; \u2013 Ihnen als seri\u00f6ser H\u00e4ndler mit Erfahrung beim Autoankauf und beim Thema Export zur Seite und machen Ihnen ein passendes Angebot. Wir k\u00fcmmern uns dann um alle Aspekte der Ausfuhr.<\/p> <\/div> <div class=\"schema-faq-section\" id=\"faq-question-1655303761809\"><strong class=\"schema-faq-question\">Welche Vorteile habe ich, wenn ich mein Auto an euch Verkaufe?<\/strong> <p class=\"schema-faq-answer\">Wenn das Auto rostig ist, eine hohe Laufleistung aufweist, Motorschaden oder kein T\u00dcV hat \u2013 einfacher gesagt: Wenn die Zeit Ihres Autos abgelaufen ist und man es hierzulande nicht mehr verkaufen kann, ist der EmAuto-Autoexport oft die einzige Alternative zum Schrottplatz. F\u00fcr Sie als Eigent\u00fcmer hat diese Form des Fahrzeug-Verkaufs durch einen Autoexport-Spezialisten vor allem nur finanzielle Vorteile. Es fallen keine Kosten f\u00fcr die Verschrottung des alten Gebrauchtwagens an und der Verkauf sp\u00fclt sogar noch etwas Geld in Ihre Kasse.<\/p> <\/div> <div class=\"schema-faq-section\" id=\"faq-question-1655303778538\"><strong class=\"schema-faq-question\">Welche Unterlagen brauche ich, um ein Auto f\u00fcr den Export zu verkaufen?<\/strong> <p class=\"schema-faq-answer\">Wir ben\u00f6tigen die gleichen Unterlagen wie beim Autoverkauf im Inland. Nur zus\u00e4tzlich zu Fahrzeugschein (Zulassungsbescheinigung I), Fahrzeugbrief (Zulassungsbescheinigung II), Personalausweis oder Reisepass des Fahrzeughalters, eventuell eine Ausfuhr-Versicherungsbest\u00e4tigung, eine Stilllegungsbescheinigung, ein TU\u0308V-Gutachten und eine deutsche Bankverbindung f\u00fcr die Kfz-Steuer. F\u00fcr genauere Informationen rufen Sie unsere Hotline w\u00e4hrend der \u00d6ffnungszeiten an, unsere Mitarbeiter beraten Sie gern.<\/p> <\/div> <div class=\"schema-faq-section\" id=\"faq-question-1655303783492\"><strong class=\"schema-faq-question\">Welche Autos sind f\u00fcr den Autoexport geeignet?<\/strong> <p class=\"schema-faq-answer\">Grunds\u00e4tzlich sind alle Marken gefragt. Alle Marken, alle Modelle, auch wenn das Baujahr mehr als 10 Jahre zur\u00fcckliegt, oder wenn der Tacho \u00fcber 200.000 Kilometerlaufleistung aufweist. Wenn Sie den Gebrauchtwagen, den Unfallwagen oder einen Wagen mit Motorschaden nicht mehr durch die Hauptuntersuchung beim T\u00dcV bringen k\u00f6nnen, stehen nicht mehr viele M\u00f6glichkeiten zur Verf\u00fcgung. Dann kommen wir und helfen Ihnen, das Auto zu dem bestm\u00f6glichen Preis zu verkaufen. Es gibt deutsche Automarken, die im Ausland sehr beliebt sind, z.B. VW, Mercedes-Benz, Audi, BMW. Auch Mehrzweckfahrzeuge sind gut geeignet, Fahrzeuge mit starker Motorisierung, oder mit Extras wie Klimatisierung oder Dachgep\u00e4cktr\u00e4ger! Wir sind ein seri\u00f6ses Unternehmen mit Ausfuhr\/Export-Spezialisierung mit mehr als 20 Jahren Erfahrung. Wir sind bem\u00fcht, Ihnen den bestm\u00f6glichen Preis anzubieten. Wir legen immer noch sehr viel Wert auf die altmodische menschliche Kommunikation, deswegen ist uns der Kundenkontakt und die Zufriedenheit unserer Kunden sehr wichtig. So unterscheiden wir uns stark von allen neuen Online-Portalen, die automatisierte Autoverkauf-Prozesse anbieten und dadurch die Preise stark senken.<\/p> <\/div> <\/div>\n<\/div>\n<\/div>\n","protected":false},"excerpt":{"rendered":"<p>H\u00e4ufig gestellte Fragen<\/p>\n","protected":false},"author":1,"featured_media":0,"parent":0,"menu_order":0,"comment_status":"closed","ping_status":"closed","template":"page-faq.php","meta":{"footnotes":""},"class_list":["post-19819","page","type-page","status-publish","hentry"],"_links":{"self":[{"href":"https:\/\/emauto.de\/de\/wp-json\/wp\/v2\/pages\/19819","targetHints":{"allow":["GET"]}}],"collection":[{"href":"https:\/\/emauto.de\/de\/wp-json\/wp\/v2\/pages"}],"about":[{"href":"https:\/\/emauto.de\/de\/wp-json\/wp\/v2\/types\/page"}],"author":[{"embeddable":true,"href":"https:\/\/emauto.de\/de\/wp-json\/wp\/v2\/users\/1"}],"replies":[{"embeddable":true,"href":"https:\/\/emauto.de\/de\/wp-json\/wp\/v2\/comments?post=19819"}],"version-history":[{"count":0,"href":"https:\/\/emauto.de\/de\/wp-json\/wp\/v2\/pages\/19819\/revisions"}],"wp:attachment":[{"href":"https:\/\/emauto.de\/de\/wp-json\/wp\/v2\/media?parent=19819"}],"curies":[{"name":"wp","href":"https:\/\/api.w.org\/{rel}","templated":true}]}}