{"id":20888,"date":"2022-02-10T10:38:17","date_gmt":"2022-02-10T10:38:17","guid":{"rendered":"https:\/\/emauto.de\/?page_id=20888"},"modified":"2022-06-30T10:04:36","modified_gmt":"2022-06-30T10:04:36","slug":"weitere-informationen","status":"publish","type":"page","link":"https:\/\/emauto.de\/de\/weitere-informationen\/","title":{"rendered":"Weitere Informationen"},"content":{"rendered":"\n<div class=\"wp-block-group p-flattersatz has-text-color\" style=\"color:#00244b\"><div class=\"wp-block-group__inner-container is-layout-flow wp-block-group-is-layout-flow\">\n<h2 class=\"wp-block-heading\" id=\"wichtige-informationen-fur-die-autokaufer-aus-dem-ausland\">Wichtige Informationen f\u00fcr die Autok\u00e4ufer aus dem Ausland.<\/h2>\n\n\n\n<p>Hier finden Sie wichtige informationen und Links zu den Themen:<\/p>\n\n\n\n<ul class=\"is-style-default wp-block-list\"><li><strong>\u00dcberf\u00fchrung in EU- und Nicht-EU-L\u00e4nder<\/strong><\/li><li><strong>Ausfuhrkennzeichen (auch Zoll- oder Exportkennzeichen genannt)<\/strong><\/li><li><strong>Kurzkennzeichen<\/strong><\/li><li><strong>Versicherungen<\/strong><\/li><\/ul>\n\n\n\n<p>Wenn Sie hilfe ben\u00f6tigen wenden Sie bitte an unsere mitarbeiter, sie helfen ihnen gern.<br><\/p>\n<\/div><\/div>\n\n\n\n<hr class=\"wp-block-separator has-text-color has-black-color has-css-opacity has-black-background-color has-background is-style-wide\"\/>\n\n\n\n<div class=\"wp-block-group p-flattersatz has-text-color\" style=\"color:#00244b\"><div class=\"wp-block-group__inner-container is-layout-flow wp-block-group-is-layout-flow\">\n<h2 class=\"wp-block-heading\" id=\"uberfuhrung-in-eu-und-nicht-eu-lander\">\u00dcberf\u00fchrung in EU- und Nicht-EU-L\u00e4nder<\/h2>\n\n\n\n<p>Soll die Reise ins Ausland gehen, werden weitere Formalit\u00e4ten notwendig. EU-Mitgliedstaaten akzeptieren das deutsche Kurzzeitkennzeichen. Doch kann auch ein sogenanntes Ausfuhrkennzeichen \u2013 fr\u00fcher wurde es Zoll- oder Exportkennzeichen genannt \u2013 notwendig werden. Die Zulassung kostet je nach Bestimmungsland rund 30 bis 50 Euro, hinzu kommen die Kosten f\u00fcr die Schilder selbst in H\u00f6he von 20 bis 40 Euro. Gebrauchte Fahrzeuge, die ein Ausfuhrkennzeichen erhalten sollen, m\u00fcssen in der Regel bei der Kfz-Zulassungsstelle vorgef\u00fchrt werden.<br><br>Voraussetzung ist in jedem Fall, dass bei der Beantragung bei den Beh\u00f6rden eine Versicherung nachgewiesen wird. G\u00fcltig ist ein Ausfuhrkennzeichen zwischen 14 Tagen bis zu maximal einem Jahr. Auch die Fahrzeugsteuern werden vorab eingezogen.<\/p>\n\n\n\n<p><span style=\"text-decoration: underline;\">Wichtige Links:<\/span><\/p>\n\n\n\n<p class=\"has-vivid-cyan-blue-color has-text-color\"><a rel=\"noreferrer noopener\" href=\"https:\/\/www.mobile.de\/magazin\/artikel\/auto-ueberfuehren-diese-kosten-entstehen-15780#uberfuhrung-in-eu-und-nicht-eu-lander\" data-type=\"URL\" data-id=\"https:\/\/www.mobile.de\/magazin\/artikel\/auto-ueberfuehren-diese-kosten-entstehen-15780#uberfuhrung-in-eu-und-nicht-eu-lander\" target=\"_blank\">mobile.de &gt; \u00dcberf\u00fchrung in EU- und Nicht-EU-L\u00e4nder<\/a><a rel=\"noreferrer noopener\" href=\"https:\/\/www.zoll.de\/DE\/Unternehmen\/Warenverkehr\/Ausfuhr-in-einen-Nicht-EU-Staat\/Zoll-und-Steuern\/Grundsaetzliches\/grundsaetzliches_node.html\" data-type=\"URL\" data-id=\"https:\/\/www.zoll.de\/DE\/Unternehmen\/Warenverkehr\/Ausfuhr-in-einen-Nicht-EU-Staat\/Zoll-und-Steuern\/Grundsaetzliches\/grundsaetzliches_node.html\" target=\"_blank\"><br>zoll.de &gt; Grunds\u00e4tzliches zu Z\u00f6llen und Steuern&nbsp;im&nbsp;Ausfuhrverfahren<\/a><br><a rel=\"noreferrer noopener\" href=\"https:\/\/www.zoll.de\/DE\/Privatpersonen\/Reisen\/Reisen-nach-Deutschland-aus-einem-nicht-eu-Staat\/Zoll-und-Steuern\/Kauf-von-Kraftfahrzeugen\/kauf-von-kraftfahrzeugen_node.html\" data-type=\"URL\" data-id=\"https:\/\/www.zoll.de\/DE\/Privatpersonen\/Reisen\/Reisen-nach-Deutschland-aus-einem-nicht-eu-Staat\/Zoll-und-Steuern\/Kauf-von-Kraftfahrzeugen\/kauf-von-kraftfahrzeugen_node.html\" target=\"_blank\">zoll.de &gt; Ausfuhr von Kraftfahrzeugen durch Privatpersonen<\/a><\/p>\n<\/div><\/div>\n\n\n\n<hr class=\"wp-block-separator has-text-color has-black-color has-css-opacity has-black-background-color has-background is-style-wide\"\/>\n\n\n\n<div class=\"wp-block-group p-flattersatz has-text-color\" style=\"color:#00244b\"><div class=\"wp-block-group__inner-container is-layout-flow wp-block-group-is-layout-flow\">\n<h2 class=\"wp-block-heading\" id=\"ausfuhrkennzeichen-auch-zoll-oder-exportkennzeichen-genannt\">Ausfuhrkennzeichen (auch Zoll- oder Exportkennzeichen genannt)<\/h2>\n\n\n\n<p><span style=\"text-decoration: underline;\">Ausgabestelle:<\/span><\/p>\n\n\n\n<p>Es ist wei\u00df mit schwarzer Schrift und hat auf den rechten Seite einen roten balken, in dem das Ablaufdatum schwarz eingepr\u00e4gt ist.<\/p>\n\n\n\n<p>Kfz-Zulassungsstelle bzw. das Stra\u00dfenverkehrsamt an Ihrem Wohnsitz.&nbsp;<\/p>\n\n\n\n<ul class=\"wp-block-list\"><li>Zollkennzeichen sind max. 12 Monate g\u00fcltig<\/li><li>N\u00f6tig sind spezielle Kfz-Versicherung (Kfz-Haftpflichtversicherung) und T\u00dcV-Plakette<\/li><\/ul>\n\n\n\n<p>Der Zulassungsstelle sind folgende Unterlagen vorzulegen:<\/p>\n\n\n\n<ul class=\"wp-block-list\"><li>Reisepass oder Personalausweis<\/li><li>Versicherungsbest\u00e4tigung&nbsp;&nbsp;&nbsp; &nbsp;&nbsp;&nbsp;<\/li><li>Zulassungsbescheinigung Teil I und Teil II (bisher: Kfz-Schein und Kfz-Brief)<\/li><li>Nachweis \u00fcber eine g\u00fcltige Hauptuntersuchung nach \u00a7 29 StVZO&nbsp;&nbsp;&nbsp; &nbsp;&nbsp;&nbsp; &nbsp;&nbsp;&nbsp;<br>(Teilweise wird in der Praxis zus\u00e4tzlich eine g\u00fcltige Abgasuntersuchung verlangt&nbsp;&nbsp;&nbsp;<\/li><li>Au\u00dferbetriebsetzung (bei abgemeldeten Fahrzeugen)&nbsp;&nbsp;&nbsp; &nbsp;&nbsp;&nbsp; &nbsp;&nbsp;&nbsp; &nbsp;&nbsp;&nbsp;<\/li><li>evtl. alte Nummernschilder<\/li><\/ul>\n\n\n\n<p>Sie erhalten von der Zulassungsstelle:&nbsp;&nbsp;&nbsp; &nbsp;&nbsp;&nbsp; &nbsp;&nbsp;&nbsp; &nbsp;&nbsp;&nbsp;<\/p>\n\n\n\n<ul class=\"wp-block-list\"><li>Die befristete Zulassungsbescheinigung Teil I f\u00fcr das Ausfuhrkennzeichen<\/li><li>Zulassungsbescheinigung Teil II ggf. mit Haltereintrag f\u00fcr das Ausfuhrkennzeichen<br><\/li><\/ul>\n\n\n\n<p>F\u00fcr die Zuteilung eines Ausfuhrkennzeichens ist die vorherige L\u00f6schung des Fahrzeuges nicht mehr erforderlich, kann aber auf Wunsch des Eigent\u00fcmers erfolgen.<\/p>\n\n\n\n<p>Ist das Fahrzeug noch nicht au\u00dfer Betrieb gesetzt, m\u00fcssen der Fahrzeugschein \/ Zulassungsbescheinigung Teil I,Fahrzeugbrief \/ Zulassungsbescheinigung Teil II und die Kennzeichenschilder vorgelegt werden.<\/p>\n\n\n\n<p>Eine Vorf\u00fchrung des Fahrzeuges ist nur dann erforderlich, wenn es keine vorherige Zulassung in Deutschland gab und die Frist der Hauptuntersuchung nur bis zum Ende der G\u00fcltigkeit des Ausfuhrkennzeichens vorliegt.<\/p>\n\n\n\n<p>Geb\u00fchr: 54,90 EUR bis 63,60 EUR<\/p>\n\n\n\n<p class=\"has-text-color\" style=\"color:#00244b\">(Die informationen wurden sorgf\u00e4ltig von der Kfz-Zulassungsstelle in Rostock zusammengestellt)<br><\/p>\n\n\n\n<p class=\"has-text-color\" style=\"color:#00244b\"><span style=\"text-decoration: underline;\">Stadtamt<\/span><br>KFZ-Zulassungsstelle Rostock<br>Charles-Darwin-Ring 6<br>18059 Rostock<br>Telefon: 0381 381-3100<br>Telefax: 0381 PC 381-9344<br>E-Mail: <a href=\"https:\/\/rathaus.rostock.de\/de\/contact-form\/adresse\/16284\/%22Fahrzeugzulassung,%20%20Ausfuhrkennzeichen%22\">senden<\/a><br>Web: <a href=\"https:\/\/rathaus.rostock.de\/de\/service\/aemter\/stadtamt\/kfz_zulassungsstelle\/fahrzeugzulassung_ausfuhrkennzeichen\/263147\" data-type=\"URL\" data-id=\"https:\/\/rathaus.rostock.de\/de\/service\/aemter\/stadtamt\/kfz_zulassungsstelle\/fahrzeugzulassung_ausfuhrkennzeichen\/263147\" target=\"_blank\" rel=\"noreferrer noopener\">Kfz Zulassungsstelle Rostock<\/a><\/p>\n\n\n\n<p class=\"has-text-color\" style=\"color:#00244b\"><span style=\"text-decoration: underline;\">Wichtige Links:<\/span><\/p>\n\n\n\n<p class=\"has-vivid-cyan-blue-color has-text-color\"><a rel=\"noreferrer noopener\" href=\"https:\/\/www.adac.de\/rund-ums-fahrzeug\/auto-kaufen-verkaufen\/import-export\/ausfuhrkennzeichen-zollkennzeichen\/\" data-type=\"URL\" data-id=\"https:\/\/www.adac.de\/rund-ums-fahrzeug\/auto-kaufen-verkaufen\/import-export\/ausfuhrkennzeichen-zollkennzeichen\/\" target=\"_blank\">adac.de &gt; Ausfuhrkennzeichen\/Zollkennzeichen: Wichtiges zum Autoexport<\/a><br><a rel=\"noreferrer noopener\" href=\"https:\/\/www.zoll.de\/DE\/Privatpersonen\/Reisen\/Reisen-nach-Deutschland-aus-einem-nicht-eu-Staat\/Zoll-und-Steuern\/Kauf-von-Kraftfahrzeugen\/kauf-von-kraftfahrzeugen.html\" data-type=\"URL\" data-id=\"https:\/\/www.zoll.de\/DE\/Privatpersonen\/Reisen\/Reisen-nach-Deutschland-aus-einem-nicht-eu-Staat\/Zoll-und-Steuern\/Kauf-von-Kraftfahrzeugen\/kauf-von-kraftfahrzeugen.html\" target=\"_blank\">zoll.de &gt; Ausfuhr von Kraftfahrzeugen durch Privatpersonen<\/a><br><a rel=\"noreferrer noopener\" href=\"https:\/\/www.check24.de\/kfz-versicherung\/automagazin\/thema\/kennzeichen\/ausfuhrkennzeichen\/\" data-type=\"URL\" data-id=\"https:\/\/www.check24.de\/kfz-versicherung\/automagazin\/thema\/kennzeichen\/ausfuhrkennzeichen\/\" target=\"_blank\">check24.de &gt; Verwendung, Kosten &amp; G\u00fcltigkeit Ausfuhr-Kennzeichen<\/a><\/p>\n\n\n\n<p><\/p>\n<\/div><\/div>\n\n\n\n<hr class=\"wp-block-separator has-text-color has-black-color has-css-opacity has-black-background-color has-background is-style-wide\"\/>\n\n\n\n<div class=\"wp-block-group p-flattersatz has-text-color\" style=\"color:#00244b\"><div class=\"wp-block-group__inner-container is-layout-flow wp-block-group-is-layout-flow\">\n<h2 class=\"wp-block-heading\" id=\"kurzkennzeichen\">Kurzkennzeichen<\/h2>\n\n\n\n<p class=\"has-text-color\" style=\"color:#00244b\">Kurzkennzeichen in Rostock Beantragen:<\/p>\n\n\n\n<p class=\"has-text-color\" style=\"color:#00244b\">Kurzzeitkennzeichen sind nur f\u00fcr Probe-, Pr\u00fcfungs- und \u00dcberf\u00fchrungsfahrten innerhalb Deutschlands zul\u00e4ssig. Sie gelten maximal f\u00fcnf Tage ab dem Tag der Beantragung. Die Nutzung ist bei nicht vorhandener Betriebserlaubnis oder einer ung\u00fcltigen Hauptuntersuchung auf folgende F\u00e4lle eingeschr\u00e4nkt:<\/p>\n\n\n\n<ul class=\"has-text-color wp-block-list\" style=\"color:#00244b\"><li>Hin- &amp; R\u00fcckfahrten zur n\u00e4chstgelegenen Untersuchungsstelle im Zulassungsbezirk<\/li><li>Hin- &amp; R\u00fcckfahrten zu einem angrenzenden Bezirk<\/li><\/ul>\n\n\n\n<p class=\"has-text-color\" style=\"color:#00244b\">Nur bei bestandener Hauptuntersuchung bzw. bei der Erlangung der Betriebserlaubnis ist eine Weiterfahrt im gesamten Bundesgebiet m\u00f6glich.<\/p>\n\n\n\n<p class=\"has-text-color\" style=\"color:#00244b\"><span style=\"text-decoration: underline;\">Wichtige Links:<\/span><\/p>\n\n\n\n<p class=\"has-vivid-cyan-blue-color has-text-color\"><a rel=\"noreferrer noopener\" href=\"https:\/\/www.kennzeichenking.de\/zulassungsstelle\/rostock\/dienstleistung\/kurzzeitkennzeichen\" data-type=\"URL\" data-id=\"https:\/\/www.kennzeichenking.de\/zulassungsstelle\/rostock\/dienstleistung\/kurzzeitkennzeichen\" target=\"_blank\">Zulassungstelle Rostock<\/a><\/p>\n<\/div><\/div>\n\n\n\n<hr class=\"wp-block-separator has-text-color has-black-color has-css-opacity has-black-background-color has-background is-style-wide\"\/>\n\n\n\n<div class=\"wp-block-group p-flattersatz has-text-color\" style=\"color:#00244b\"><div class=\"wp-block-group__inner-container is-layout-flow wp-block-group-is-layout-flow\">\n<h2 class=\"wp-block-heading\" id=\"versicherungen\">Versicherungen<\/h2>\n\n\n\n<p class=\"has-text-color\" style=\"color:#00244b\">Zur Beantragung des Ausfuhrkennzeichens ben\u00f6tigen Sie eine gesonderte Kfz-Haftpflichtversicherung. Diese erhalten Sie in den meisten F\u00e4llen beim \u201eSchildermacher\u201c in der N\u00e4he der Kfz-Zulassungsstelle.<\/p>\n\n\n\n<p class=\"has-text-color\" style=\"color:#00244b\"><span style=\"text-decoration: underline;\">Wichtige Links:<\/span><\/p>\n\n\n\n<p class=\"has-vivid-cyan-blue-color has-text-color\"><a rel=\"noreferrer noopener\" href=\"https:\/\/www.ospa.de\/de\/home\/privatkunden\/versicherungen\/kfz-versicherung-pnw-xhtml.html\" data-type=\"URL\" data-id=\"https:\/\/www.ospa.de\/de\/home\/privatkunden\/versicherungen\/kfz-versicherung-pnw-xhtml.html\" target=\"_blank\">ospa.de &gt; Kfz-Versicherung<\/a><br><a rel=\"noreferrer noopener\" href=\"https:\/\/www.cosmosdirekt.de\/autoversicherung\/ueberfuehrungskennzeichen\/\" data-type=\"URL\" data-id=\"https:\/\/www.cosmosdirekt.de\/autoversicherung\/ueberfuehrungskennzeichen\/\" target=\"_blank\">cosmosdirekt.de &gt; Kennzeichen f\u00fcr Trans\u00adport und \u00dcberf\u00fch\u00adrung von KFZ<\/a><br><a rel=\"noreferrer noopener\" href=\"https:\/\/www.allianzdirect.de\/kfz-versicherung\/ausfuhrkennzeichen-ratgeber\/\" data-type=\"URL\" data-id=\"https:\/\/www.allianzdirect.de\/kfz-versicherung\/ausfuhrkennzeichen-ratgeber\/\" target=\"_blank\">allianzdirect.de &gt; Ausfuhrkennzeichen<\/a><\/p>\n<\/div><\/div>\n\n\n\n<p><\/p>\n","protected":false},"excerpt":{"rendered":"<p>Wichtige Informationen f\u00fcr die Autok\u00e4ufer aus dem Ausland. Hier finden Sie wichtige informationen und Links zu den Themen: \u00dcberf\u00fchrung in EU- und Nicht-EU-L\u00e4nder Ausfuhrkennzeichen (auch Zoll- oder Exportkennzeichen genannt) Kurzkennzeichen Versicherungen Wenn Sie hilfe ben\u00f6tigen wenden Sie bitte an unsere mitarbeiter, sie helfen ihnen gern. \u00dcberf\u00fchrung in EU- und Nicht-EU-L\u00e4nder Soll die Reise ins Ausland [&hellip;]<\/p>\n","protected":false},"author":1,"featured_media":0,"parent":0,"menu_order":0,"comment_status":"closed","ping_status":"closed","template":"page-weitere-informationen.php","meta":{"footnotes":""},"class_list":["post-20888","page","type-page","status-publish","hentry"],"_links":{"self":[{"href":"https:\/\/emauto.de\/de\/wp-json\/wp\/v2\/pages\/20888","targetHints":{"allow":["GET"]}}],"collection":[{"href":"https:\/\/emauto.de\/de\/wp-json\/wp\/v2\/pages"}],"about":[{"href":"https:\/\/emauto.de\/de\/wp-json\/wp\/v2\/types\/page"}],"author":[{"embeddable":true,"href":"https:\/\/emauto.de\/de\/wp-json\/wp\/v2\/users\/1"}],"replies":[{"embeddable":true,"href":"https:\/\/emauto.de\/de\/wp-json\/wp\/v2\/comments?post=20888"}],"version-history":[{"count":0,"href":"https:\/\/emauto.de\/de\/wp-json\/wp\/v2\/pages\/20888\/revisions"}],"wp:attachment":[{"href":"https:\/\/emauto.de\/de\/wp-json\/wp\/v2\/media?parent=20888"}],"curies":[{"name":"wp","href":"https:\/\/api.w.org\/{rel}","templated":true}]}}