{"id":20888,"date":"2022-02-10T10:38:17","date_gmt":"2022-02-10T10:38:17","guid":{"rendered":"https:\/\/emauto.de\/?page_id=20888"},"modified":"2022-06-30T10:04:36","modified_gmt":"2022-06-30T10:04:36","slug":"weitere-informationen","status":"publish","type":"page","link":"https:\/\/emauto.de\/es\/further-information\/","title":{"rendered":"M\u00e1s Informaci\u00f3n"},"content":{"rendered":"<div class=\"wp-block-group p-flattersatz has-text-color\" style=\"color:#00244b\"><div class=\"wp-block-group__inner-container is-layout-flow wp-block-group-is-layout-flow\">\n<h2 class=\"wp-block-heading\" id=\"wichtige-informationen-fur-die-autokaufer-aus-dem-ausland\">Informaci\u00f3n importante para los compradores del extranjero.<\/h2>\n\n\n\n<p>Aqu\u00ed usted encontrar\u00e1 informaci\u00f3n importante, y los Enlaces a los temas:<\/p>\n\n\n\n<ul class=\"is-style-default wp-block-list\"><li><strong>La liberaci\u00f3n en la UE y en terceros pa\u00edses<\/strong><\/li><li><strong>Exportaci\u00f3n s\u00edmbolo (tambi\u00e9n de aduanas o de exportaci\u00f3n indicador de llamada)<\/strong><\/li><li><strong>Corto de la bandera<\/strong><\/li><li><strong>Seguro<\/strong><\/li><\/ul>\n\n\n\n<p>Si usted necesita ayuda, p\u00f3ngase en contacto con nuestro personal, ellos est\u00e1n encantados de ayudarle.<br><\/p>\n<\/div><\/div>\n\n\n\n<hr class=\"wp-block-separator has-text-color has-black-color has-css-opacity has-black-background-color has-background is-style-wide\"\/>\n\n\n\n<div class=\"wp-block-group p-flattersatz has-text-color\" style=\"color:#00244b\"><div class=\"wp-block-group__inner-container is-layout-flow wp-block-group-is-layout-flow\">\n<h2 class=\"wp-block-heading\" id=\"uberfuhrung-in-eu-und-nicht-eu-lander\">La liberaci\u00f3n en la UE y en terceros pa\u00edses<\/h2>\n\n\n\n<p>El viaje es para ir al extranjero, adem\u00e1s de las formalidades necesarias. Estados miembros de la UE aceptar el alem\u00e1n de corto plazo indicador. Pero incluso un llamado de exportaci\u00f3n de la marca anterior era de aduanas o de exportaci\u00f3n indicador de llamada puede ser necesaria. Los costos de admisi\u00f3n, dependiendo del pa\u00eds de destino de alrededor de 30 a 50 Euros, sumando el costo de las etiquetas, incluso en la altura de 20 a 40 euros. Los veh\u00edculos usados que van a recibir una marca de exportaci\u00f3n debe ser presentada en la regla de que el conductor del Veh\u00edculo y a la Agencia de concesi\u00f3n de licencias.<br><br>Es esencial que en cada caso que en el momento de solicitar a las autoridades en una p\u00f3liza de seguro que se ha demostrado. V\u00e1lido marca de exportaci\u00f3n de entre 14 d\u00edas hasta un m\u00e1ximo de un a\u00f1o. Tambi\u00e9n, el impuesto de veh\u00edculos se pre-dibujadas.<\/p>\n\n\n\n<p><span style=\"text-decoration: underline;\">Enlaces Importantes:<\/span><\/p>\n\n\n\n<p class=\"has-vivid-cyan-blue-color has-text-color\"><a rel=\"noreferrer noopener\" href=\"https:\/\/www.mobile.de\/magazin\/artikel\/auto-ueberfuehren-diese-kosten-entstehen-15780#uberfuhrung-in-eu-und-nicht-eu-lander\" data-type=\"URL\" data-id=\"https:\/\/www.mobile.de\/magazin\/artikel\/auto-ueberfuehren-diese-kosten-entstehen-15780#uberfuhrung-in-eu-und-nicht-eu-lander\" target=\"_blank\">mobile.de &gt; en la Liberaci\u00f3n de la UE y en terceros pa\u00edses<\/a><a rel=\"noreferrer noopener\" href=\"https:\/\/www.zoll.de\/DE\/Unternehmen\/Warenverkehr\/Ausfuhr-in-einen-Nicht-EU-Staat\/Zoll-und-Steuern\/Grundsaetzliches\/grundsaetzliches_node.html\" data-type=\"URL\" data-id=\"https:\/\/www.zoll.de\/DE\/Unternehmen\/Warenverkehr\/Ausfuhr-in-einen-Nicht-EU-Staat\/Zoll-und-Steuern\/Grundsaetzliches\/grundsaetzliches_node.html\" target=\"_blank\"><br>deberes zoll.de &gt; b\u00e1sico y de los impuestos sobre el procedimiento de exportaci\u00f3n<\/a><br><a rel=\"noreferrer noopener\" href=\"https:\/\/www.zoll.de\/DE\/Privatpersonen\/Reisen\/Reisen-nach-Deutschland-aus-einem-nicht-eu-Staat\/Zoll-und-Steuern\/Kauf-von-Kraftfahrzeugen\/kauf-von-kraftfahrzeugen_node.html\" data-type=\"URL\" data-id=\"https:\/\/www.zoll.de\/DE\/Privatpersonen\/Reisen\/Reisen-nach-Deutschland-aus-einem-nicht-eu-Staat\/Zoll-und-Steuern\/Kauf-von-Kraftfahrzeugen\/kauf-von-kraftfahrzeugen_node.html\" target=\"_blank\">zoll.de &gt; la exportaci\u00f3n de veh\u00edculos de motor por parte de particulares<\/a><\/p>\n<\/div><\/div>\n\n\n\n<hr class=\"wp-block-separator has-text-color has-black-color has-css-opacity has-black-background-color has-background is-style-wide\"\/>\n\n\n\n<div class=\"wp-block-group p-flattersatz has-text-color\" style=\"color:#00244b\"><div class=\"wp-block-group__inner-container is-layout-flow wp-block-group-is-layout-flow\">\n<h2 class=\"wp-block-heading\" id=\"ausfuhrkennzeichen-auch-zoll-oder-exportkennzeichen-genannt\">Exportaci\u00f3n s\u00edmbolo (tambi\u00e9n de aduanas o de exportaci\u00f3n indicador de llamada)<\/h2>\n\n\n\n<p><span style=\"text-decoration: underline;\">Autoridad emisora:<\/span><\/p>\n\n\n\n<p>Es de color blanco con letras negras y en la parte derecha, una barra roja en la fecha de vencimiento negro en relieve.<\/p>\n\n\n\n<p>Registro de veh\u00edculos de la oficina o el tr\u00e1fico rodado en la oficina en su lugar de residencia.&nbsp;<\/p>\n\n\n\n<ul class=\"wp-block-list\"><li>Costumbres placas max. V\u00e1lido para 12 meses<\/li><li>Especial de la necesidad de seguro de Coche (seguro de Coche) y T\u00dcV-Plakette<\/li><\/ul>\n\n\n\n<p>La oficina de admisiones, para presentar los siguientes documentos:<\/p>\n\n\n\n<ul class=\"wp-block-list\"><li>Pasaporte o tarjeta de identidad<\/li><li>La confirmaci\u00f3n de seguros&nbsp;&nbsp;&nbsp; &nbsp;&nbsp;&nbsp;<\/li><li>Certificado de registro de la parte I y la parte II (anteriormente: Coche de la farsa y de la Automoci\u00f3n)<\/li><li>Prueba de una v\u00e1lida principales de la inspecci\u00f3n de acuerdo con el \u00a7 29 StVZO&nbsp;&nbsp;&nbsp; &nbsp;&nbsp;&nbsp; &nbsp;&nbsp;&nbsp;<br>(A veces se requiere en la pr\u00e1ctica, adem\u00e1s de la validez de la prueba de emisiones&nbsp;&nbsp;&nbsp;<\/li><li>Clausura (en el caso de los veh\u00edculos registrados)&nbsp;&nbsp;&nbsp; &nbsp;&nbsp;&nbsp; &nbsp;&nbsp;&nbsp; &nbsp;&nbsp;&nbsp;<\/li><li>posiblemente viejas placas<\/li><\/ul>\n\n\n\n<p>Usted recibir\u00e1 la oficina de admisiones:&nbsp;&nbsp;&nbsp; &nbsp;&nbsp;&nbsp; &nbsp;&nbsp;&nbsp; &nbsp;&nbsp;&nbsp;<\/p>\n\n\n\n<ul class=\"wp-block-list\"><li>El temporal certificado de registro, parte I, de la marca de exportaci\u00f3n<\/li><li>Certificado de registro, parte II, si procede, con un stop de entrada para la marca de exportaci\u00f3n<br><\/li><\/ul>\n\n\n\n<p>Para la asignaci\u00f3n de exportaci\u00f3n, marca de la anterior eliminaci\u00f3n del veh\u00edculo no es necesario, pero se puede hacer a petici\u00f3n del propietario.<\/p>\n\n\n\n<p>El veh\u00edculo a\u00fan no est\u00e1 fuera de servicio, debe ser presentado para el veh\u00edculo de la licencia \/ certificado de registro de la parte I,t\u00edtulo del Veh\u00edculo \/ certificado de registro de la parte II y en el registro de placas.<\/p>\n\n\n\n<p>Una demostraci\u00f3n de que el veh\u00edculo s\u00f3lo es necesario si no exist\u00eda antes de la aprobaci\u00f3n en Alemania y en el per\u00edodo de los principales examen s\u00f3lo est\u00e1 disponible hasta el final de la validez de la marca de exportaci\u00f3n.<\/p>\n\n\n\n<p>Cargo: 54,90 EUROS para 63,60 EUR<\/p>\n\n\n\n<p class=\"has-text-color\" style=\"color:#00244b\">(La informaci\u00f3n ha sido cuidadosamente de que el conductor del Veh\u00edculo y a la Agencia de concesi\u00f3n de licencias en Rostock seleccionado)<br><\/p>\n\n\n\n<p class=\"has-text-color\" style=\"color:#00244b\"><span style=\"text-decoration: underline;\">Stadtamt<\/span><br>KFZ-zulassungsstelle Rostock<br>Charles Darwin-Anillo 6<br>18059 Rostock<br>Tel\u00e9fono: 0381 381-3100<br>Fax: 0381 PC 381-9344<br>E-Mail: <a href=\"https:\/\/rathaus.rostock.de\/de\/contact-form\/adresse\/16284\/%22Fahrzeugzulassung,%20%20Ausfuhrkennzeichen%22\">enviar<\/a><br>Web: <a href=\"https:\/\/rathaus.rostock.de\/de\/service\/aemter\/stadtamt\/kfz_zulassungsstelle\/fahrzeugzulassung_ausfuhrkennzeichen\/263147\" data-type=\"URL\" data-id=\"https:\/\/rathaus.rostock.de\/de\/service\/aemter\/stadtamt\/kfz_zulassungsstelle\/fahrzeugzulassung_ausfuhrkennzeichen\/263147\" target=\"_blank\" rel=\"noreferrer noopener\">Kfz Zulassungsstelle Rostock<\/a><\/p>\n\n\n\n<p class=\"has-text-color\" style=\"color:#00244b\"><span style=\"text-decoration: underline;\">Enlaces Importantes:<\/span><\/p>\n\n\n\n<p class=\"has-vivid-cyan-blue-color has-text-color\"><a rel=\"noreferrer noopener\" href=\"https:\/\/www.adac.de\/rund-ums-fahrzeug\/auto-kaufen-verkaufen\/import-export\/ausfuhrkennzeichen-zollkennzeichen\/\" data-type=\"URL\" data-id=\"https:\/\/www.adac.de\/rund-ums-fahrzeug\/auto-kaufen-verkaufen\/import-export\/ausfuhrkennzeichen-zollkennzeichen\/\" target=\"_blank\">adac.de &gt; exportar marcas\/Aduana de las marcas: Importante para la exportaci\u00f3n autom\u00e1tica<\/a><br><a rel=\"noreferrer noopener\" href=\"https:\/\/www.zoll.de\/DE\/Privatpersonen\/Reisen\/Reisen-nach-Deutschland-aus-einem-nicht-eu-Staat\/Zoll-und-Steuern\/Kauf-von-Kraftfahrzeugen\/kauf-von-kraftfahrzeugen.html\" data-type=\"URL\" data-id=\"https:\/\/www.zoll.de\/DE\/Privatpersonen\/Reisen\/Reisen-nach-Deutschland-aus-einem-nicht-eu-Staat\/Zoll-und-Steuern\/Kauf-von-Kraftfahrzeugen\/kauf-von-kraftfahrzeugen.html\" target=\"_blank\">zoll.de &gt; la exportaci\u00f3n de veh\u00edculos de motor por parte de particulares<\/a><br><a rel=\"noreferrer noopener\" href=\"https:\/\/www.check24.de\/kfz-versicherung\/automagazin\/thema\/kennzeichen\/ausfuhrkennzeichen\/\" data-type=\"URL\" data-id=\"https:\/\/www.check24.de\/kfz-versicherung\/automagazin\/thema\/kennzeichen\/ausfuhrkennzeichen\/\" target=\"_blank\">check24.de &gt; uso, el costo y licencia de exportaci\u00f3n de la placa<\/a><\/p>\n\n\n\n<p><\/p>\n<\/div><\/div>\n\n\n\n<hr class=\"wp-block-separator has-text-color has-black-color has-css-opacity has-black-background-color has-background is-style-wide\"\/>\n\n\n\n<div class=\"wp-block-group p-flattersatz has-text-color\" style=\"color:#00244b\"><div class=\"wp-block-group__inner-container is-layout-flow wp-block-group-is-layout-flow\">\n<h2 class=\"wp-block-heading\" id=\"kurzkennzeichen\">Corto de la bandera<\/h2>\n\n\n\n<p class=\"has-text-color\" style=\"color:#00244b\">El corto de la marca en Rostock Solicitud:<\/p>\n\n\n\n<p class=\"has-text-color\" style=\"color:#00244b\">A corto plazo los indicadores son s\u00f3lo para la muestra, las pruebas y la entrega viajes dentro de Alemania son permitidos. Usted puede solicitar un m\u00e1ximo de cinco d\u00edas a partir de la fecha de la solicitud. El uso est\u00e1 restringido para los no-permiso de operaci\u00f3n existente o un inv\u00e1lido principal de examen en los siguientes casos:<\/p>\n\n\n\n<ul class=\"has-text-color wp-block-list\" style=\"color:#00244b\"><li>Los viajes de vuelta al m\u00e1s cercano centro de examen en el registro del distrito<\/li><li>Los viajes de vuelta a un vecino distrito<\/li><\/ul>\n\n\n\n<p class=\"has-text-color\" style=\"color:#00244b\">S\u00f3lo en el caso de pasar la principal de la investigaci\u00f3n o, en el caso de la obtenci\u00f3n de la licencia de explotaci\u00f3n para seguir impulsando en todo el territorio Federal es posible.<\/p>\n\n\n\n<p class=\"has-text-color\" style=\"color:#00244b\"><span style=\"text-decoration: underline;\">Enlaces Importantes:<\/span><\/p>\n\n\n\n<p class=\"has-vivid-cyan-blue-color has-text-color\"><a rel=\"noreferrer noopener\" href=\"https:\/\/www.kennzeichenking.de\/zulassungsstelle\/rostock\/dienstleistung\/kurzzeitkennzeichen\" data-type=\"URL\" data-id=\"https:\/\/www.kennzeichenking.de\/zulassungsstelle\/rostock\/dienstleistung\/kurzzeitkennzeichen\" target=\"_blank\">La Autoridad De Registro De Rostock<\/a><\/p>\n<\/div><\/div>\n\n\n\n<hr class=\"wp-block-separator has-text-color has-black-color has-css-opacity has-black-background-color has-background is-style-wide\"\/>\n\n\n\n<div class=\"wp-block-group p-flattersatz has-text-color\" style=\"color:#00244b\"><div class=\"wp-block-group__inner-container is-layout-flow wp-block-group-is-layout-flow\">\n<h2 class=\"wp-block-heading\" id=\"versicherungen\">Seguro<\/h2>\n\n\n\n<p class=\"has-text-color\" style=\"color:#00244b\">Para aplicar para la marca de exportaci\u00f3n, usted necesita separar de terceros seguro de Coche. Este est\u00e1 disponible en la mayor\u00eda de los casos, el &#034;escudo&#034; -maker&#034; en la vecindad del conductor del Veh\u00edculo y a la Agencia de concesi\u00f3n de licencias.<\/p>\n\n\n\n<p class=\"has-text-color\" style=\"color:#00244b\"><span style=\"text-decoration: underline;\">Enlaces Importantes:<\/span><\/p>\n\n\n\n<p class=\"has-vivid-cyan-blue-color has-text-color\"><a rel=\"noreferrer noopener\" href=\"https:\/\/www.ospa.de\/de\/home\/privatkunden\/versicherungen\/kfz-versicherung-pnw-xhtml.html\" data-type=\"URL\" data-id=\"https:\/\/www.ospa.de\/de\/home\/privatkunden\/versicherungen\/kfz-versicherung-pnw-xhtml.html\" target=\"_blank\">ospa.de &gt; seguro de Coche<\/a><br><a rel=\"noreferrer noopener\" href=\"https:\/\/www.cosmosdirekt.de\/autoversicherung\/ueberfuehrungskennzeichen\/\" data-type=\"URL\" data-id=\"https:\/\/www.cosmosdirekt.de\/autoversicherung\/ueberfuehrungskennzeichen\/\" target=\"_blank\">cosmosdirekt.de &gt; indicador para el Transporte y la Transferencia de veh\u00edculos de motor<\/a><br><a rel=\"noreferrer noopener\" href=\"https:\/\/www.allianzdirect.de\/kfz-versicherung\/ausfuhrkennzeichen-ratgeber\/\" data-type=\"URL\" data-id=\"https:\/\/www.allianzdirect.de\/kfz-versicherung\/ausfuhrkennzeichen-ratgeber\/\" target=\"_blank\">allianzdirect.de &gt; marca de exportaci\u00f3n<\/a><\/p>\n<\/div><\/div>\n\n\n\n<p><\/p>","protected":false},"excerpt":{"rendered":"<p>Wichtige Informationen f\u00fcr die Autok\u00e4ufer aus dem Ausland. Hier finden Sie wichtige informationen und Links zu den Themen: \u00dcberf\u00fchrung in EU- und Nicht-EU-L\u00e4nder Ausfuhrkennzeichen (auch Zoll- oder Exportkennzeichen genannt) Kurzkennzeichen Versicherungen Wenn Sie hilfe ben\u00f6tigen wenden Sie bitte an unsere mitarbeiter, sie helfen ihnen gern. \u00dcberf\u00fchrung in EU- und Nicht-EU-L\u00e4nder Soll die Reise ins Ausland [&hellip;]<\/p>\n","protected":false},"author":1,"featured_media":0,"parent":0,"menu_order":0,"comment_status":"closed","ping_status":"closed","template":"page-weitere-informationen.php","meta":{"footnotes":""},"class_list":["post-20888","page","type-page","status-publish","hentry"],"_links":{"self":[{"href":"https:\/\/emauto.de\/es\/wp-json\/wp\/v2\/pages\/20888","targetHints":{"allow":["GET"]}}],"collection":[{"href":"https:\/\/emauto.de\/es\/wp-json\/wp\/v2\/pages"}],"about":[{"href":"https:\/\/emauto.de\/es\/wp-json\/wp\/v2\/types\/page"}],"author":[{"embeddable":true,"href":"https:\/\/emauto.de\/es\/wp-json\/wp\/v2\/users\/1"}],"replies":[{"embeddable":true,"href":"https:\/\/emauto.de\/es\/wp-json\/wp\/v2\/comments?post=20888"}],"version-history":[{"count":0,"href":"https:\/\/emauto.de\/es\/wp-json\/wp\/v2\/pages\/20888\/revisions"}],"wp:attachment":[{"href":"https:\/\/emauto.de\/es\/wp-json\/wp\/v2\/media?parent=20888"}],"curies":[{"name":"wp","href":"https:\/\/api.w.org\/{rel}","templated":true}]}}