{"id":20888,"date":"2022-02-10T10:38:17","date_gmt":"2022-02-10T10:38:17","guid":{"rendered":"https:\/\/emauto.de\/?page_id=20888"},"modified":"2022-06-30T10:04:36","modified_gmt":"2022-06-30T10:04:36","slug":"weitere-informationen","status":"publish","type":"page","link":"https:\/\/emauto.de\/fr\/further-information\/","title":{"rendered":"Pour Plus D&#039;Informations Sur"},"content":{"rendered":"<div class=\"wp-block-group p-flattersatz has-text-color\" style=\"color:#00244b\"><div class=\"wp-block-group__inner-container is-layout-flow wp-block-group-is-layout-flow\">\n<h2 class=\"wp-block-heading\" id=\"wichtige-informationen-fur-die-autokaufer-aus-dem-ausland\">Informations importantes pour les Acheteurs de l&#039;\u00c9tranger.<\/h2>\n\n\n\n<p>Vous trouverez ici des informations importantes et des Liens vers les Rubriques:<\/p>\n\n\n\n<ul class=\"is-style-default wp-block-list\"><li><strong>Transfert dans l&#039;UE et dans des Pays Non-UE<\/strong><\/li><li><strong>Plaque d&#039;immatriculation (Douane ou d&#039;immatriculation d&#039;export appel\u00e9)<\/strong><\/li><li><strong>Kurzkennzeichen<\/strong><\/li><li><strong>Assurances<\/strong><\/li><\/ul>\n\n\n\n<p>Si Vous avez besoin d&#039;aide, contactez notre \u00e9quipe pourra vous aider.<br><\/p>\n<\/div><\/div>\n\n\n\n<hr class=\"wp-block-separator has-text-color has-black-color has-css-opacity has-black-background-color has-background is-style-wide\"\/>\n\n\n\n<div class=\"wp-block-group p-flattersatz has-text-color\" style=\"color:#00244b\"><div class=\"wp-block-group__inner-container is-layout-flow wp-block-group-is-layout-flow\">\n<h2 class=\"wp-block-heading\" id=\"uberfuhrung-in-eu-und-nicht-eu-lander\">Transfert dans l&#039;UE et dans des Pays Non-UE<\/h2>\n\n\n\n<p>La Voyage \u00e0 l&#039;\u00c9tranger, d&#039;autres Formalit\u00e9s n\u00e9cessaires. \u00c9tats membres de l&#039;UE d&#039;accepter l&#039;allemand plaque d&#039;immatriculation provisoire. Mais aussi un soi-disant plaque d&#039;immatriculation \u2013 auparavant, il a \u00e9t\u00e9 Douanes ou d&#039;immatriculation d&#039;export appel\u00e9 \u2013 \u00eatre n\u00e9cessaire. L&#039;Admission co\u00fbte, selon le pays de Destination, environ de 30 \u00e0 50 Euros, les Frais pour les Panneaux eux-m\u00eames, \u00e0 Hauteur de 20 \u00e0 40 Euros. V\u00e9hicules d&#039;occasion, l&#039;une plaque d&#039;immatriculation doivent recevoir, vous devez en R\u00e8gle g\u00e9n\u00e9rale, lors de l&#039;immatriculation d&#039;une projection.<br><br>\u00c0 condition, dans tous les Cas, que lors de la Demande aupr\u00e8s des Autorit\u00e9s d&#039;Assurance est prouv\u00e9. Valable sur une plaque d&#039;immatriculation entre 14 Jours et jusqu&#039;\u00e0 un An maximum. Aussi les imp\u00f4ts sur les v\u00e9hicules pr\u00e9-charg\u00e9.<\/p>\n\n\n\n<p><span style=\"text-decoration: underline;\">Liens Importants:<\/span><\/p>\n\n\n\n<p class=\"has-vivid-cyan-blue-color has-text-color\"><a rel=\"noreferrer noopener\" href=\"https:\/\/www.mobile.de\/magazin\/artikel\/auto-ueberfuehren-diese-kosten-entstehen-15780#uberfuhrung-in-eu-und-nicht-eu-lander\" data-type=\"URL\" data-id=\"https:\/\/www.mobile.de\/magazin\/artikel\/auto-ueberfuehren-diese-kosten-entstehen-15780#uberfuhrung-in-eu-und-nicht-eu-lander\" target=\"_blank\">mobile.de &gt; Mise \u00e0 l&#039;UE et des Pays Non-UE<\/a><a rel=\"noreferrer noopener\" href=\"https:\/\/www.zoll.de\/DE\/Unternehmen\/Warenverkehr\/Ausfuhr-in-einen-Nicht-EU-Staat\/Zoll-und-Steuern\/Grundsaetzliches\/grundsaetzliches_node.html\" data-type=\"URL\" data-id=\"https:\/\/www.zoll.de\/DE\/Unternehmen\/Warenverkehr\/Ausfuhr-in-einen-Nicht-EU-Staat\/Zoll-und-Steuern\/Grundsaetzliches\/grundsaetzliches_node.html\" target=\"_blank\"><br>zoll.de &gt; mise en perspective des droits de Douane et des Taxes dans le r\u00e9gime de l&#039;Exportation<\/a><br><a rel=\"noreferrer noopener\" href=\"https:\/\/www.zoll.de\/DE\/Privatpersonen\/Reisen\/Reisen-nach-Deutschland-aus-einem-nicht-eu-Staat\/Zoll-und-Steuern\/Kauf-von-Kraftfahrzeugen\/kauf-von-kraftfahrzeugen_node.html\" data-type=\"URL\" data-id=\"https:\/\/www.zoll.de\/DE\/Privatpersonen\/Reisen\/Reisen-nach-Deutschland-aus-einem-nicht-eu-Staat\/Zoll-und-Steuern\/Kauf-von-Kraftfahrzeugen\/kauf-von-kraftfahrzeugen_node.html\" target=\"_blank\">zoll.de &gt; Exportation de V\u00e9hicules par les Particuliers<\/a><\/p>\n<\/div><\/div>\n\n\n\n<hr class=\"wp-block-separator has-text-color has-black-color has-css-opacity has-black-background-color has-background is-style-wide\"\/>\n\n\n\n<div class=\"wp-block-group p-flattersatz has-text-color\" style=\"color:#00244b\"><div class=\"wp-block-group__inner-container is-layout-flow wp-block-group-is-layout-flow\">\n<h2 class=\"wp-block-heading\" id=\"ausfuhrkennzeichen-auch-zoll-oder-exportkennzeichen-genannt\">Plaque d&#039;immatriculation (Douane ou d&#039;immatriculation d&#039;export appel\u00e9)<\/h2>\n\n\n\n<p><span style=\"text-decoration: underline;\">Emission:<\/span><\/p>\n\n\n\n<p>Il est blanc avec \u00c9criture noire sur la Page de droite, une barre rouge, dans lequel la date d&#039;Expiration noir est en relief.<\/p>\n\n\n\n<p>De l&#039;immatriculation ou de l&#039;immatriculation des v\u00e9hicules \u00e0 Votre Domicile.&nbsp;<\/p>\n\n\n\n<ul class=\"wp-block-list\"><li>Codes douaniers sont max. Valable 12 Mois<\/li><li>Besoin sp\u00e9cial de l&#039;Assurance Automobile (Assurance Automobile) et T\u00dcV, Plaque de<\/li><\/ul>\n\n\n\n<p>L&#039;instance d&#039;Admission, les Documents suivants sont \u00e0 fournir:<\/p>\n\n\n\n<ul class=\"wp-block-list\"><li>Passeport ou carte d&#039;Identit\u00e9<\/li><li>Attestation d&#039;assurance&nbsp;&nbsp;&nbsp; &nbsp;&nbsp;&nbsp;<\/li><li>Certificat d&#039;immatriculation la Partie I et Partie II (jusqu&#039;\u00e0 pr\u00e9sent: l&#039;assurance Automobile Billet d&#039;Automobiles et de Lettre)<\/li><li>Certificat contr\u00f4le Technique selon l&#039;article 29 de StVZO&nbsp;&nbsp;&nbsp; &nbsp;&nbsp;&nbsp; &nbsp;&nbsp;&nbsp;<br>(Pour partie dans la Pratique, en sus valide du contr\u00f4le des \u00e9missions demande&nbsp;&nbsp;&nbsp;<\/li><li>Mise hors service (pour d\u00e9connect\u00e9s de V\u00e9hicules)&nbsp;&nbsp;&nbsp; &nbsp;&nbsp;&nbsp; &nbsp;&nbsp;&nbsp; &nbsp;&nbsp;&nbsp;<\/li><li>\u00e9ventuellement, les anciennes Plaques d&#039;immatriculation<\/li><\/ul>\n\n\n\n<p>Vous recevez de l&#039;instance d&#039;Admission:&nbsp;&nbsp;&nbsp; &nbsp;&nbsp;&nbsp; &nbsp;&nbsp;&nbsp; &nbsp;&nbsp;&nbsp;<\/p>\n\n\n\n<ul class=\"wp-block-list\"><li>Le travail temporaire, le Certificat d&#039;immatriculation de la Partie I de la plaque d&#039;immatriculation<\/li><li>Certificat d&#039;immatriculation la Partie II, le cas \u00e9ch\u00e9ant, avec Haltereintrag pour la plaque d&#039;immatriculation<br><\/li><\/ul>\n\n\n\n<p>Pour l&#039;Attribution d&#039;un Ausfuhrkennzeichens pr\u00e9alable la Suppression du V\u00e9hicule n&#039;est plus n\u00e9cessaire, mais peut, \u00e0 la Demande du Propri\u00e9taire.<\/p>\n\n\n\n<p>Le V\u00e9hicule est-il pas encore mis hors service, la carte grise \/ Certificat d&#039;immatriculation, Partie I,carte grise \/ Certificat d&#039;immatriculation, Partie II, et les plaques d&#039;immatriculation sont pr\u00e9sent\u00e9es.<\/p>\n\n\n\n<p>Une D\u00e9monstration du V\u00e9hicule n&#039;est n\u00e9cessaire, si c&#039;est pas de l&#039;Agr\u00e9ment pr\u00e9alable en Allemagne, et le D\u00e9lai du contr\u00f4le Technique, uniquement jusqu&#039;\u00e0 la Fin de la Validit\u00e9 du Ausfuhrkennzeichens existe.<\/p>\n\n\n\n<p>Tarif: 54,90 EUR \u00e0 63,60 EUR<\/p>\n\n\n\n<p class=\"has-text-color\" style=\"color:#00244b\">(Les informations ont \u00e9t\u00e9 soigneusement par le bureau d&#039;immatriculation des v\u00e9hicules \u00e0 Rostock compil\u00e9)<br><\/p>\n\n\n\n<p class=\"has-text-color\" style=\"color:#00244b\"><span style=\"text-decoration: underline;\">Mairie<\/span><br>Bureau d&#039;immatriculation des v\u00e9hicules Rostock<br>Charles Darwin-L&#039;Anneau 6<br>18059 Rostock<br>T\u00e9l\u00e9phone: 0381 381-3100<br>Fax: 0381 PC 381-9344<br>E-Mail: <a href=\"https:\/\/rathaus.rostock.de\/de\/contact-form\/adresse\/16284\/%22Fahrzeugzulassung,%20%20Ausfuhrkennzeichen%22\">envoyer<\/a><br>Web: <a href=\"https:\/\/rathaus.rostock.de\/de\/service\/aemter\/stadtamt\/kfz_zulassungsstelle\/fahrzeugzulassung_ausfuhrkennzeichen\/263147\" data-type=\"URL\" data-id=\"https:\/\/rathaus.rostock.de\/de\/service\/aemter\/stadtamt\/kfz_zulassungsstelle\/fahrzeugzulassung_ausfuhrkennzeichen\/263147\" target=\"_blank\" rel=\"noreferrer noopener\">Automobile D&#039;Agr\u00e9ment Rostock<\/a><\/p>\n\n\n\n<p class=\"has-text-color\" style=\"color:#00244b\"><span style=\"text-decoration: underline;\">Liens Importants:<\/span><\/p>\n\n\n\n<p class=\"has-vivid-cyan-blue-color has-text-color\"><a rel=\"noreferrer noopener\" href=\"https:\/\/www.adac.de\/rund-ums-fahrzeug\/auto-kaufen-verkaufen\/import-export\/ausfuhrkennzeichen-zollkennzeichen\/\" data-type=\"URL\" data-id=\"https:\/\/www.adac.de\/rund-ums-fahrzeug\/auto-kaufen-verkaufen\/import-export\/ausfuhrkennzeichen-zollkennzeichen\/\" target=\"_blank\">adac.de &gt; plaque d&#039;immatriculation\/codes douaniers: Important pour l&#039;auto-exportation<\/a><br><a rel=\"noreferrer noopener\" href=\"https:\/\/www.zoll.de\/DE\/Privatpersonen\/Reisen\/Reisen-nach-Deutschland-aus-einem-nicht-eu-Staat\/Zoll-und-Steuern\/Kauf-von-Kraftfahrzeugen\/kauf-von-kraftfahrzeugen.html\" data-type=\"URL\" data-id=\"https:\/\/www.zoll.de\/DE\/Privatpersonen\/Reisen\/Reisen-nach-Deutschland-aus-einem-nicht-eu-Staat\/Zoll-und-Steuern\/Kauf-von-Kraftfahrzeugen\/kauf-von-kraftfahrzeugen.html\" target=\"_blank\">zoll.de &gt; Exportation de V\u00e9hicules par les Particuliers<\/a><br><a rel=\"noreferrer noopener\" href=\"https:\/\/www.check24.de\/kfz-versicherung\/automagazin\/thema\/kennzeichen\/ausfuhrkennzeichen\/\" data-type=\"URL\" data-id=\"https:\/\/www.check24.de\/kfz-versicherung\/automagazin\/thema\/kennzeichen\/ausfuhrkennzeichen\/\" target=\"_blank\">check24.de &gt; Utilisation, le Co\u00fbt &amp; Validit\u00e9 de l&#039;Exportation d&#039;Immatriculation<\/a><\/p>\n\n\n\n<p><\/p>\n<\/div><\/div>\n\n\n\n<hr class=\"wp-block-separator has-text-color has-black-color has-css-opacity has-black-background-color has-background is-style-wide\"\/>\n\n\n\n<div class=\"wp-block-group p-flattersatz has-text-color\" style=\"color:#00244b\"><div class=\"wp-block-group__inner-container is-layout-flow wp-block-group-is-layout-flow\">\n<h2 class=\"wp-block-heading\" id=\"kurzkennzeichen\">Kurzkennzeichen<\/h2>\n\n\n\n<p class=\"has-text-color\" style=\"color:#00244b\">Kurzkennzeichen \u00e0 Rostock Demander:<\/p>\n\n\n\n<p class=\"has-text-color\" style=\"color:#00244b\">Plaque d&#039;immatriculation provisoire sont uniquement pour l&#039;\u00c9chantillon, d&#039;essai et de Circulation \u00e0 l&#039;int\u00e9rieur de l&#039;Allemagne est autoris\u00e9e. Elles s&#039;appliquent \u00e0 un maximum de cinq Jours \u00e0 compter de la date de la Demande. L&#039;Utilisation est en l&#039;absence de R\u00e9ception ou d&#039;un contr\u00f4le Technique pour les Affaires suivantes limit\u00e9e:<\/p>\n\n\n\n<ul class=\"has-text-color wp-block-list\" style=\"color:#00244b\"><li>Aller - Retours le plus proche organisme d&#039;enqu\u00eate dans le district d&#039;autorisation duquel<\/li><li>Aller - Retours \u00e0 une voisine Arrondissement<\/li><\/ul>\n\n\n\n<p class=\"has-text-color\" style=\"color:#00244b\">Uniquement en cas de r\u00e9ussite de l&#039;examen de contr\u00f4le Technique ou dans l&#039;Obtention de l&#039;Autorisation d&#039;exploitation est une Continuation dans tout le Territoire possible.<\/p>\n\n\n\n<p class=\"has-text-color\" style=\"color:#00244b\"><span style=\"text-decoration: underline;\">Liens Importants:<\/span><\/p>\n\n\n\n<p class=\"has-vivid-cyan-blue-color has-text-color\"><a rel=\"noreferrer noopener\" href=\"https:\/\/www.kennzeichenking.de\/zulassungsstelle\/rostock\/dienstleistung\/kurzzeitkennzeichen\" data-type=\"URL\" data-id=\"https:\/\/www.kennzeichenking.de\/zulassungsstelle\/rostock\/dienstleistung\/kurzzeitkennzeichen\" target=\"_blank\">Organisme D&#039;Agr\u00e9ment Rostock<\/a><\/p>\n<\/div><\/div>\n\n\n\n<hr class=\"wp-block-separator has-text-color has-black-color has-css-opacity has-black-background-color has-background is-style-wide\"\/>\n\n\n\n<div class=\"wp-block-group p-flattersatz has-text-color\" style=\"color:#00244b\"><div class=\"wp-block-group__inner-container is-layout-flow wp-block-group-is-layout-flow\">\n<h2 class=\"wp-block-heading\" id=\"versicherungen\">Assurances<\/h2>\n\n\n\n<p class=\"has-text-color\" style=\"color:#00244b\">Pour Demander Ausfuhrkennzeichens Vous avez besoin d&#039;un distinct Assurance responsabilit\u00e9 civile Automobile. Vous les trouverez dans la plupart des Cas, lors de la &#034;fabricants de signe&#034;, \u00e0 Proximit\u00e9 de l&#039;immatriculation.<\/p>\n\n\n\n<p class=\"has-text-color\" style=\"color:#00244b\"><span style=\"text-decoration: underline;\">Liens Importants:<\/span><\/p>\n\n\n\n<p class=\"has-vivid-cyan-blue-color has-text-color\"><a rel=\"noreferrer noopener\" href=\"https:\/\/www.ospa.de\/de\/home\/privatkunden\/versicherungen\/kfz-versicherung-pnw-xhtml.html\" data-type=\"URL\" data-id=\"https:\/\/www.ospa.de\/de\/home\/privatkunden\/versicherungen\/kfz-versicherung-pnw-xhtml.html\" target=\"_blank\">ospa.de &gt; l&#039;Assurance Automobile<\/a><br><a rel=\"noreferrer noopener\" href=\"https:\/\/www.cosmosdirekt.de\/autoversicherung\/ueberfuehrungskennzeichen\/\" data-type=\"URL\" data-id=\"https:\/\/www.cosmosdirekt.de\/autoversicherung\/ueberfuehrungskennzeichen\/\" target=\"_blank\">cosmosdirekt.de &gt; plaque d&#039;Immatriculation pour le Transport et le Transfert de l&#039;AUTOMOBILE<\/a><br><a rel=\"noreferrer noopener\" href=\"https:\/\/www.allianzdirect.de\/kfz-versicherung\/ausfuhrkennzeichen-ratgeber\/\" data-type=\"URL\" data-id=\"https:\/\/www.allianzdirect.de\/kfz-versicherung\/ausfuhrkennzeichen-ratgeber\/\" target=\"_blank\">allianzdirect.de &gt; plaque d&#039;immatriculation<\/a><\/p>\n<\/div><\/div>\n\n\n\n<p><\/p>","protected":false},"excerpt":{"rendered":"<p>Wichtige Informationen f\u00fcr die Autok\u00e4ufer aus dem Ausland. Hier finden Sie wichtige informationen und Links zu den Themen: \u00dcberf\u00fchrung in EU- und Nicht-EU-L\u00e4nder Ausfuhrkennzeichen (auch Zoll- oder Exportkennzeichen genannt) Kurzkennzeichen Versicherungen Wenn Sie hilfe ben\u00f6tigen wenden Sie bitte an unsere mitarbeiter, sie helfen ihnen gern. \u00dcberf\u00fchrung in EU- und Nicht-EU-L\u00e4nder Soll die Reise ins Ausland [&hellip;]<\/p>\n","protected":false},"author":1,"featured_media":0,"parent":0,"menu_order":0,"comment_status":"closed","ping_status":"closed","template":"page-weitere-informationen.php","meta":{"footnotes":""},"class_list":["post-20888","page","type-page","status-publish","hentry"],"_links":{"self":[{"href":"https:\/\/emauto.de\/fr\/wp-json\/wp\/v2\/pages\/20888","targetHints":{"allow":["GET"]}}],"collection":[{"href":"https:\/\/emauto.de\/fr\/wp-json\/wp\/v2\/pages"}],"about":[{"href":"https:\/\/emauto.de\/fr\/wp-json\/wp\/v2\/types\/page"}],"author":[{"embeddable":true,"href":"https:\/\/emauto.de\/fr\/wp-json\/wp\/v2\/users\/1"}],"replies":[{"embeddable":true,"href":"https:\/\/emauto.de\/fr\/wp-json\/wp\/v2\/comments?post=20888"}],"version-history":[{"count":0,"href":"https:\/\/emauto.de\/fr\/wp-json\/wp\/v2\/pages\/20888\/revisions"}],"wp:attachment":[{"href":"https:\/\/emauto.de\/fr\/wp-json\/wp\/v2\/media?parent=20888"}],"curies":[{"name":"wp","href":"https:\/\/api.w.org\/{rel}","templated":true}]}}