{"id":20888,"date":"2022-02-10T10:38:17","date_gmt":"2022-02-10T10:38:17","guid":{"rendered":"https:\/\/emauto.de\/?page_id=20888"},"modified":"2022-06-30T10:04:36","modified_gmt":"2022-06-30T10:04:36","slug":"weitere-informationen","status":"publish","type":"page","link":"https:\/\/emauto.de\/pl\/further-information\/","title":{"rendered":"Dalsze informacje"},"content":{"rendered":"<div class=\"wp-block-group p-flattersatz has-text-color\" style=\"color:#00244b\"><div class=\"wp-block-group__inner-container is-layout-flow wp-block-group-is-layout-flow\">\n<h2 class=\"wp-block-heading\" id=\"wichtige-informationen-fur-die-autokaufer-aus-dem-ausland\">Wa\u017cna informacja dla nabywc\u00f3w samochod\u00f3w z zagranicy.<\/h2>\n\n\n\n<p>Tutaj znajdziesz wa\u017cne informacje i linki do temat\u00f3w:<\/p>\n\n\n\n<ul class=\"is-style-default wp-block-list\"><li><strong>Estakada w krajach UE i spoza UE<\/strong><\/li><li><strong>Eksportowy numer rejestracyjny (zwany tak\u017ce celny lub wywozu tablic\u0105 rejestracyjn\u0105)<\/strong><\/li><li><strong>Tablica rejestracyjna przez kr\u00f3tki okres czasu<\/strong><\/li><li><strong>Ubezpieczenia<\/strong><\/li><\/ul>\n\n\n\n<p>Je\u015bli potrzebujesz pomocy, skontaktuj si\u0119 z naszymi pracownikami, b\u0119d\u0105 szcz\u0119\u015bliwi, aby ci pom\u00f3c.<br><\/p>\n<\/div><\/div>\n\n\n\n<hr class=\"wp-block-separator has-text-color has-black-color has-css-opacity has-black-background-color has-background is-style-wide\"\/>\n\n\n\n<div class=\"wp-block-group p-flattersatz has-text-color\" style=\"color:#00244b\"><div class=\"wp-block-group__inner-container is-layout-flow wp-block-group-is-layout-flow\">\n<h2 class=\"wp-block-heading\" id=\"uberfuhrung-in-eu-und-nicht-eu-lander\">Estakada w krajach UE i spoza UE<\/h2>\n\n\n\n<p>Je\u015bli p\u00f3jdziesz za granic\u0119, potrzebne s\u0105 dodatkowe formalno\u015bci. Pa\u0144stwa cz\u0142onkowskie UE podejmuj\u0105 niemiecki kr\u00f3tkoterminowe tablice rejestracyjne. Ale mo\u017ce by\u0107 i tak zwany eksportowy numer rejestracyjny \u2013 wcze\u015bniej by\u0142 nazywany przez urz\u0105d celny lub wywozu tablic\u0105 rejestracyjn\u0105. Wst\u0119p kosztuje od 30 do 50 euro, w zale\u017cno\u015bci od kraju docelowego, a tak\u017ce na koszt samych znak\u00f3w wynosi od 20 do 40 euro. Samochody u\u017cywane, maj\u0105ce na celu uzyskanie eksportu tablicy rejestracyjnej, zwykle powinny by\u0107 prezentowane w recepcji komisji ds. rejestracji pojazd\u00f3w.<br><br>W ka\u017cdym przypadku warunkiem jest to, \u017ce przy ubieganiu si\u0119 do w\u0142adz zostanie potwierdzone ubezpieczenie. Jest wa\u017cny eksportowy numer rejestracyjny od 14 dni do maksymalnie jednego roku. Podatki na pojazd r\u00f3wnie\u017c s\u0105 pobierane z g\u00f3ry.<\/p>\n\n\n\n<p><span style=\"text-decoration: underline;\">Wa\u017cne linki:<\/span><\/p>\n\n\n\n<p class=\"has-vivid-cyan-blue-color has-text-color\"><a rel=\"noreferrer noopener\" href=\"https:\/\/www.mobile.de\/magazin\/artikel\/auto-ueberfuehren-diese-kosten-entstehen-15780#uberfuhrung-in-eu-und-nicht-eu-lander\" data-type=\"URL\" data-id=\"https:\/\/www.mobile.de\/magazin\/artikel\/auto-ueberfuehren-diese-kosten-entstehen-15780#uberfuhrung-in-eu-und-nicht-eu-lander\" target=\"_blank\">mobile.de &gt; \u00dcberf\u00fchrung in EU- und Nicht-EU-L\u00e4nder<\/a><a rel=\"noreferrer noopener\" href=\"https:\/\/www.zoll.de\/DE\/Unternehmen\/Warenverkehr\/Ausfuhr-in-einen-Nicht-EU-Staat\/Zoll-und-Steuern\/Grundsaetzliches\/grundsaetzliches_node.html\" data-type=\"URL\" data-id=\"https:\/\/www.zoll.de\/DE\/Unternehmen\/Warenverkehr\/Ausfuhr-in-einen-Nicht-EU-Staat\/Zoll-und-Steuern\/Grundsaetzliches\/grundsaetzliches_node.html\" target=\"_blank\"><br>zoll.de &gt; Grunds\u00e4tzliches zu Z\u00f6llen und Steuern&nbsp;im&nbsp;Ausfuhrverfahren<\/a><br><a rel=\"noreferrer noopener\" href=\"https:\/\/www.zoll.de\/DE\/Privatpersonen\/Reisen\/Reisen-nach-Deutschland-aus-einem-nicht-eu-Staat\/Zoll-und-Steuern\/Kauf-von-Kraftfahrzeugen\/kauf-von-kraftfahrzeugen_node.html\" data-type=\"URL\" data-id=\"https:\/\/www.zoll.de\/DE\/Privatpersonen\/Reisen\/Reisen-nach-Deutschland-aus-einem-nicht-eu-Staat\/Zoll-und-Steuern\/Kauf-von-Kraftfahrzeugen\/kauf-von-kraftfahrzeugen_node.html\" target=\"_blank\">zoll.de &gt; Ausfuhr von Kraftfahrzeugen durch Privatpersonen<\/a><\/p>\n<\/div><\/div>\n\n\n\n<hr class=\"wp-block-separator has-text-color has-black-color has-css-opacity has-black-background-color has-background is-style-wide\"\/>\n\n\n\n<div class=\"wp-block-group p-flattersatz has-text-color\" style=\"color:#00244b\"><div class=\"wp-block-group__inner-container is-layout-flow wp-block-group-is-layout-flow\">\n<h2 class=\"wp-block-heading\" id=\"ausfuhrkennzeichen-auch-zoll-oder-exportkennzeichen-genannt\">Eksportowy numer rejestracyjny (zwany tak\u017ce celny lub wywozu tablic\u0105 rejestracyjn\u0105)<\/h2>\n\n\n\n<p><span style=\"text-decoration: underline;\">Miejsce wyj\u015bciowe:<\/span><\/p>\n\n\n\n<p>On jest bia\u0142y z czarn\u0105 czcionk\u0105 i ma czerwony pasek po prawej stronie, na kt\u00f3rej kolorem czarnym \u0432\u044b\u0431\u0438\u0442\u0430 data wa\u017cno\u015bci.<\/p>\n\n\n\n<p>Us\u0142uga rejestracji pojazd\u00f3w lub Kontrola ruchu drogowego w miejscu zamieszkania.&nbsp;<\/p>\n\n\n\n<ul class=\"wp-block-list\"><li>Celne tablice rejestracyjne s\u0105 wa\u017cne nie d\u0142u\u017cej ni\u017c 12 miesi\u0119cy<\/li><li>Potrzebne s\u0105 specjalne ubezpieczenie samochodu (ubezpieczenie oc za samoch\u00f3d) i tabliczka TUV<\/li><\/ul>\n\n\n\n<p>W poczekalni komisji powinny by\u0107 przedstawione nast\u0119puj\u0105ce dokumenty:<\/p>\n\n\n\n<ul class=\"wp-block-list\"><li>Paszport lub dow\u00f3d osobisty<\/li><li>Potwierdzenie ubezpieczenia&nbsp;&nbsp;&nbsp; &nbsp;&nbsp;&nbsp;<\/li><li>Dow\u00f3d rejestracyjny Cz\u0119\u015b\u0107 I i cz\u0119\u015b\u0107 II (do tej pory: banknot na samoch\u00f3d i list na samoch\u00f3d)<\/li><li>Dow\u00f3d rzeczywistego g\u0142\u00f3wnego \u015bledztwa, zgodnie z \u00a7 29 StVZO&nbsp;&nbsp;&nbsp; &nbsp;&nbsp;&nbsp; &nbsp;&nbsp;&nbsp;<br>(Cz\u0119\u015bciowo w praktyce wymagane jest dodatkowe rzeczywista kontrola spalin&nbsp;&nbsp;&nbsp;<\/li><li>Wycofanie z eksploatacji (dla wycofanych z systemu pojazd\u00f3w)&nbsp;&nbsp;&nbsp; &nbsp;&nbsp;&nbsp; &nbsp;&nbsp;&nbsp; &nbsp;&nbsp;&nbsp;<\/li><li>mo\u017cliwe, stare tablice rejestracyjne<\/li><\/ul>\n\n\n\n<p>Dostaniesz od komisji rekrutacyjnej:&nbsp;&nbsp;&nbsp; &nbsp;&nbsp;&nbsp; &nbsp;&nbsp;&nbsp; &nbsp;&nbsp;&nbsp;<\/p>\n\n\n\n<ul class=\"wp-block-list\"><li>Za\u015bwiadczenie o czasowym dopuszczeniu Cz\u0119\u015b\u0107 I dla eksportu tablicy rejestracyjnej<\/li><li>\u015awiadectwo homologacji Cz\u0119\u015b\u0107 II, w razie potrzeby, z konta posiadacza do eksportu tablicy rejestracyjnej<br><\/li><\/ul>\n\n\n\n<p>Aby przypisa\u0107 eksportu tablicy rejestracyjnej nie jest wymagane wst\u0119pne usuni\u0119cie pojazdu, ale mo\u017ce ono by\u0107 wykonane na \u017cyczenie w\u0142a\u015bciciela.<\/p>\n\n\n\n<p>Je\u015bli pojazd jest jeszcze wycofa\u0107 z eksploatacji, nale\u017cy okaza\u0107 dokument to\u017csamo\u015bci \/ \u015bwiadectwo homologacji,cz\u0119\u015b\u0107 I, list \/ \u015bwiadectwo homologacji, cz\u0119\u015b\u0107 II, i tablice rejestracyjne.<\/p>\n\n\n\n<p>Prezentacja pojazdu jest wymagana tylko w przypadku, je\u015bli Niemcy nie by\u0142o rejestracji wst\u0119pnej, a termin przeprowadzenia g\u0142\u00f3wnego \u015bledztwa istnieje tylko do momentu wyga\u015bni\u0119cia eksportu tablicy rejestracyjnej.<\/p>\n\n\n\n<p>Op\u0142ata: od 54,90 euro do 63,60 euro<\/p>\n\n\n\n<p class=\"has-text-color\" style=\"color:#00244b\">(Informacje zosta\u0142y starannie zebrane Organ ds. rejestracji pojazd\u00f3w w Rostocku)<br><\/p>\n\n\n\n<p class=\"has-text-color\" style=\"color:#00244b\"><span style=\"text-decoration: underline;\">Miejski urz\u0105d<\/span><br>Organ rejestracji pojazd\u00f3w Rostock<br>Charles Darwin-Pier\u015bcie\u0144 6<br>18059 Rostock<br>Telefon: 0381 381-3100<br>Faks: 0381 szt 381-9344<br>e-mail: <a href=\"https:\/\/rathaus.rostock.de\/de\/contact-form\/adresse\/16284\/%22Fahrzeugzulassung,%20%20Ausfuhrkennzeichen%22\">wysy\u0142a\u0107<\/a><br>Web: <a href=\"https:\/\/rathaus.rostock.de\/de\/service\/aemter\/stadtamt\/kfz_zulassungsstelle\/fahrzeugzulassung_ausfuhrkennzeichen\/263147\" data-type=\"URL\" data-id=\"https:\/\/rathaus.rostock.de\/de\/service\/aemter\/stadtamt\/kfz_zulassungsstelle\/fahrzeugzulassung_ausfuhrkennzeichen\/263147\" target=\"_blank\" rel=\"noreferrer noopener\">Organ rejestracji pojazd\u00f3w Rostock<\/a><\/p>\n\n\n\n<p class=\"has-text-color\" style=\"color:#00244b\"><span style=\"text-decoration: underline;\">Wa\u017cne linki:<\/span><\/p>\n\n\n\n<p class=\"has-vivid-cyan-blue-color has-text-color\"><a rel=\"noreferrer noopener\" href=\"https:\/\/www.adac.de\/rund-ums-fahrzeug\/auto-kaufen-verkaufen\/import-export\/ausfuhrkennzeichen-zollkennzeichen\/\" data-type=\"URL\" data-id=\"https:\/\/www.adac.de\/rund-ums-fahrzeug\/auto-kaufen-verkaufen\/import-export\/ausfuhrkennzeichen-zollkennzeichen\/\" target=\"_blank\">adac.de &gt; Ausfuhrkennzeichen\/Zollkennzeichen: Wichtiges zum Autoexport<\/a><br><a rel=\"noreferrer noopener\" href=\"https:\/\/www.zoll.de\/DE\/Privatpersonen\/Reisen\/Reisen-nach-Deutschland-aus-einem-nicht-eu-Staat\/Zoll-und-Steuern\/Kauf-von-Kraftfahrzeugen\/kauf-von-kraftfahrzeugen.html\" data-type=\"URL\" data-id=\"https:\/\/www.zoll.de\/DE\/Privatpersonen\/Reisen\/Reisen-nach-Deutschland-aus-einem-nicht-eu-Staat\/Zoll-und-Steuern\/Kauf-von-Kraftfahrzeugen\/kauf-von-kraftfahrzeugen.html\" target=\"_blank\">zoll.de &gt; Ausfuhr von Kraftfahrzeugen durch Privatpersonen<\/a><br><a rel=\"noreferrer noopener\" href=\"https:\/\/www.check24.de\/kfz-versicherung\/automagazin\/thema\/kennzeichen\/ausfuhrkennzeichen\/\" data-type=\"URL\" data-id=\"https:\/\/www.check24.de\/kfz-versicherung\/automagazin\/thema\/kennzeichen\/ausfuhrkennzeichen\/\" target=\"_blank\">check24.de &gt; Verwendung, Kosten &amp; G\u00fcltigkeit Ausfuhr-Kennzeichen<\/a><\/p>\n\n\n\n<p><\/p>\n<\/div><\/div>\n\n\n\n<hr class=\"wp-block-separator has-text-color has-black-color has-css-opacity has-black-background-color has-background is-style-wide\"\/>\n\n\n\n<div class=\"wp-block-group p-flattersatz has-text-color\" style=\"color:#00244b\"><div class=\"wp-block-group__inner-container is-layout-flow wp-block-group-is-layout-flow\">\n<h2 class=\"wp-block-heading\" id=\"kurzkennzeichen\">Tablica rejestracyjna przez kr\u00f3tki okres czasu<\/h2>\n\n\n\n<p class=\"has-text-color\" style=\"color:#00244b\">Ubiega\u0107 si\u0119 o kr\u00f3tki rejestracyjn\u0105 w Rostocku:<\/p>\n\n\n\n<p class=\"has-text-color\" style=\"color:#00244b\">Kr\u00f3tkoterminowe tablice rejestracyjne s\u0105 dozwolone tylko do pr\u00f3bnych, egzaminacyjnych i \u044d\u0441\u0442\u0430\u043a\u0430\u0434\u043d\u044b\u0445 podr\u00f3\u017cy w Niemczech. Dzia\u0142aj\u0105 one nie wi\u0119cej ni\u017c pi\u0119\u0107 dni od dnia z\u0142o\u017cenia wniosku. Korzystanie jest ograniczone nast\u0119puj\u0105cymi wydarzeniami w przypadku nieistniej\u0105cego pozwolenia na u\u017cytkowanie lub niewa\u017cnego g\u0142\u00f3wnego \u015bledztwa:<\/p>\n\n\n\n<ul class=\"has-text-color wp-block-list\" style=\"color:#00244b\"><li>Tam i z powrotem w najbli\u017cszy organ \u015bledczy w izbie przyj\u0119\u0107 dzielnicy<\/li><li>Tam i z powrotem w s\u0105siedni powiat<\/li><\/ul>\n\n\n\n<p class=\"has-text-color\" style=\"color:#00244b\">Tylko w przypadku przej\u015bcia podstawowego badania lub badania. po otrzymaniu zezwolenia na prowadzenie mo\u017cliwa jest dalsza jazda w ca\u0142ej federalnej terenie.<\/p>\n\n\n\n<p class=\"has-text-color\" style=\"color:#00244b\"><span style=\"text-decoration: underline;\">Wa\u017cne linki:<\/span><\/p>\n\n\n\n<p class=\"has-vivid-cyan-blue-color has-text-color\"><a rel=\"noreferrer noopener\" href=\"https:\/\/www.kennzeichenking.de\/zulassungsstelle\/rostock\/dienstleistung\/kurzzeitkennzeichen\" data-type=\"URL\" data-id=\"https:\/\/www.kennzeichenking.de\/zulassungsstelle\/rostock\/dienstleistung\/kurzzeitkennzeichen\" target=\"_blank\">Obj\u0119cie organ Rostock<\/a><\/p>\n<\/div><\/div>\n\n\n\n<hr class=\"wp-block-separator has-text-color has-black-color has-css-opacity has-black-background-color has-background is-style-wide\"\/>\n\n\n\n<div class=\"wp-block-group p-flattersatz has-text-color\" style=\"color:#00244b\"><div class=\"wp-block-group__inner-container is-layout-flow wp-block-group-is-layout-flow\">\n<h2 class=\"wp-block-heading\" id=\"versicherungen\">Ubezpieczenia<\/h2>\n\n\n\n<p class=\"has-text-color\" style=\"color:#00244b\">Aby ubiega\u0107 si\u0119 o eksportowy numer rejestracyjny, konieczna samodzielna ubezpieczenia samochodowego odpowiedzialno\u015bci. W wi\u0119kszo\u015bci przypadk\u00f3w mo\u017cna je dosta\u0107 w &#034;tw\u00f3rcy oznakowania&#034; obok rejestracyjnych centrum samochodu.<\/p>\n\n\n\n<p class=\"has-text-color\" style=\"color:#00244b\"><span style=\"text-decoration: underline;\">Wa\u017cne linki:<\/span><\/p>\n\n\n\n<p class=\"has-vivid-cyan-blue-color has-text-color\"><a rel=\"noreferrer noopener\" href=\"https:\/\/www.ospa.de\/de\/home\/privatkunden\/versicherungen\/kfz-versicherung-pnw-xhtml.html\" data-type=\"URL\" data-id=\"https:\/\/www.ospa.de\/de\/home\/privatkunden\/versicherungen\/kfz-versicherung-pnw-xhtml.html\" target=\"_blank\">ospa.de &gt; Kfz-Versicherung<\/a><br><a rel=\"noreferrer noopener\" href=\"https:\/\/www.cosmosdirekt.de\/autoversicherung\/ueberfuehrungskennzeichen\/\" data-type=\"URL\" data-id=\"https:\/\/www.cosmosdirekt.de\/autoversicherung\/ueberfuehrungskennzeichen\/\" target=\"_blank\">cosmosdirekt.de &gt; Kennzeichen f\u00fcr Trans\u00adport und \u00dcberf\u00fch\u00adrung von KFZ<\/a><br><a rel=\"noreferrer noopener\" href=\"https:\/\/www.allianzdirect.de\/kfz-versicherung\/ausfuhrkennzeichen-ratgeber\/\" data-type=\"URL\" data-id=\"https:\/\/www.allianzdirect.de\/kfz-versicherung\/ausfuhrkennzeichen-ratgeber\/\" target=\"_blank\">allianzdirect.de &gt; Ausfuhrkennzeichen<\/a><\/p>\n<\/div><\/div>\n\n\n\n<p><\/p>","protected":false},"excerpt":{"rendered":"<p>Wichtige Informationen f\u00fcr die Autok\u00e4ufer aus dem Ausland. Hier finden Sie wichtige informationen und Links zu den Themen: \u00dcberf\u00fchrung in EU- und Nicht-EU-L\u00e4nder Ausfuhrkennzeichen (auch Zoll- oder Exportkennzeichen genannt) Kurzkennzeichen Versicherungen Wenn Sie hilfe ben\u00f6tigen wenden Sie bitte an unsere mitarbeiter, sie helfen ihnen gern. \u00dcberf\u00fchrung in EU- und Nicht-EU-L\u00e4nder Soll die Reise ins Ausland [&hellip;]<\/p>\n","protected":false},"author":1,"featured_media":0,"parent":0,"menu_order":0,"comment_status":"closed","ping_status":"closed","template":"page-weitere-informationen.php","meta":{"footnotes":""},"class_list":["post-20888","page","type-page","status-publish","hentry"],"_links":{"self":[{"href":"https:\/\/emauto.de\/pl\/wp-json\/wp\/v2\/pages\/20888","targetHints":{"allow":["GET"]}}],"collection":[{"href":"https:\/\/emauto.de\/pl\/wp-json\/wp\/v2\/pages"}],"about":[{"href":"https:\/\/emauto.de\/pl\/wp-json\/wp\/v2\/types\/page"}],"author":[{"embeddable":true,"href":"https:\/\/emauto.de\/pl\/wp-json\/wp\/v2\/users\/1"}],"replies":[{"embeddable":true,"href":"https:\/\/emauto.de\/pl\/wp-json\/wp\/v2\/comments?post=20888"}],"version-history":[{"count":0,"href":"https:\/\/emauto.de\/pl\/wp-json\/wp\/v2\/pages\/20888\/revisions"}],"wp:attachment":[{"href":"https:\/\/emauto.de\/pl\/wp-json\/wp\/v2\/media?parent=20888"}],"curies":[{"name":"wp","href":"https:\/\/api.w.org\/{rel}","templated":true}]}}