{"id":20797,"date":"2022-02-02T12:42:41","date_gmt":"2022-02-02T12:42:41","guid":{"rendered":"https:\/\/emauto.de\/?page_id=20797"},"modified":"2022-06-30T09:57:03","modified_gmt":"2022-06-30T09:57:03","slug":"impressum","status":"publish","type":"page","link":"https:\/\/emauto.de\/ro\/impressum\/","title":{"rendered":"Amprenta"},"content":{"rendered":"<div class=\"wp-block-group p-flattersatz\"><div class=\"wp-block-group__inner-container is-layout-flow wp-block-group-is-layout-flow\">\n<h2 class=\"wp-block-heading\" id=\"geschaftsstelle\">Gesch\u00e4ftsstelle<\/h2>\n\n\n\n<p><strong><u>Emauto &#8211; Mihnovshi Auto Export<\/u><\/strong><br>Lindenallee 25<br>18147 Rostock<br>Germania<br><br>Telefon:<br>+49 (0)381 660 54 13 &nbsp;<br>+49 (0)381 127 372 58<br><br>Mobile:<br>+49 (0)176 63 0 641 07&nbsp;<br><br>Fax:<br>+49 (0)381 779 97 10 31&nbsp;<br><br><strong><u>E-Mail-Adresse:<\/u><\/strong><br>info@emauto.de<br><br><strong><u>Gesch\u00e4ftsf\u00fchrer:<\/u><\/strong><br>Eduard Mihnovschi<br><br><strong><u>USt-IdNr.:<\/u> &nbsp;<br><\/strong>DE814987405<br><\/p>\n\n\n\n<h5 class=\"wp-block-heading\" id=\"communication-digital-design-and-development\">Communication, digital design and development<\/h5>\n\n\n\n<p>YUZAT\u00ae \u2014 A Multidisciplinary Design Studio<br><br>Dubliner Str 20,<br>13349 Berlin<br><br>talk: +49 (0)179 \u2013 764 665 8<br>write: <a href=\"mailto:info@yuzat.com\">info@yuzat.com<\/a><br>look: <a href=\"https:\/\/www.yuzat.com\">www.yuzat.com<\/a><br><br>#visualidentity #communication #digitaldesign<br><\/p>\n\n\n\n<p>Inhaltlich verantwortlich: Yuzat studio<br><br><strong>Haftung f\u00fcr Inhalte<\/strong><br>&nbsp;<br>Die Inhalte meiner Seiten wurden mit gr\u00f6\u00dfter Sorgfalt erstellt. F\u00fcr die Richtigkeit, Vollst\u00e4ndigkeit und Aktualit\u00e4t der Inhalte kann ich jedoch keine Gew\u00e4hr \u00fcbernehmen. Als Diensteanbieter bin ich gem\u00e4\u00df \u00a7 7 Abs. 1 TMG f\u00fcr eigene Inhalte auf diesen Seiten nach den allgemeinen Gesetzen verantwortlich. Nach \u00a7\u00a7 8 bis 10 TMG bin ich jedoch nicht verpflichtet, \u00fcbermittelte oder gespeicherte fremde Informationen zu \u00fcberwachen oder nach Umst\u00e4nden zu forschen, die auf eine rechtswidrige T\u00e4tigkeit hinweisen. Verpflichtungen zur Entfernung oder Sperrung der Nutzung von Informationen nach den allgemeinen Gesetzen bleiben hiervon unber\u00fchrt. Eine diesbez\u00fcgliche Haftung ist jedoch erst ab dem Zeitpunkt der Kenntnis einer konkreten Rechtsverletzung m\u00f6glich. Bei Bekanntwerden von entsprechenden Rechtsverletzungen werde ich diese Inhalte umgehend entfernen.<\/p>\n<\/div><\/div>","protected":false},"excerpt":{"rendered":"<p>Gesch\u00e4ftsstelle Emauto &#8211; Mihnovshi Auto ExportLindenallee 2518147 RostockDeutschland Telefon:+49 (0)381 660 54 13 &nbsp;+49 (0)381 127 372 58 Mobile:+49 (0)176 63 0 641 07&nbsp; Fax:+49 (0)381 779 97 10 31&nbsp; E-Mail-Adresse:info@emauto.de Gesch\u00e4ftsf\u00fchrer:Eduard Mihnovschi USt-IdNr.: &nbsp;DE814987405 Communication, digital design and development YUZAT\u00ae \u2014 A Multidisciplinary Design Studio Dubliner Str 20,13349 Berlin talk: +49 (0)179 \u2013 764 [&hellip;]<\/p>\n","protected":false},"author":1,"featured_media":0,"parent":0,"menu_order":0,"comment_status":"closed","ping_status":"closed","template":"page-impressum.php","meta":{"footnotes":""},"class_list":["post-20797","page","type-page","status-publish","hentry"],"_links":{"self":[{"href":"https:\/\/emauto.de\/ro\/wp-json\/wp\/v2\/pages\/20797","targetHints":{"allow":["GET"]}}],"collection":[{"href":"https:\/\/emauto.de\/ro\/wp-json\/wp\/v2\/pages"}],"about":[{"href":"https:\/\/emauto.de\/ro\/wp-json\/wp\/v2\/types\/page"}],"author":[{"embeddable":true,"href":"https:\/\/emauto.de\/ro\/wp-json\/wp\/v2\/users\/1"}],"replies":[{"embeddable":true,"href":"https:\/\/emauto.de\/ro\/wp-json\/wp\/v2\/comments?post=20797"}],"version-history":[{"count":0,"href":"https:\/\/emauto.de\/ro\/wp-json\/wp\/v2\/pages\/20797\/revisions"}],"wp:attachment":[{"href":"https:\/\/emauto.de\/ro\/wp-json\/wp\/v2\/media?parent=20797"}],"curies":[{"name":"wp","href":"https:\/\/api.w.org\/{rel}","templated":true}]}}