{"id":20888,"date":"2022-02-10T10:38:17","date_gmt":"2022-02-10T10:38:17","guid":{"rendered":"https:\/\/emauto.de\/?page_id=20888"},"modified":"2022-06-30T10:04:36","modified_gmt":"2022-06-30T10:04:36","slug":"weitere-informationen","status":"publish","type":"page","link":"https:\/\/emauto.de\/ro\/further-information\/","title":{"rendered":"Mai Multe Informa\u021bii"},"content":{"rendered":"<div class=\"wp-block-group p-flattersatz has-text-color\" style=\"color:#00244b\"><div class=\"wp-block-group__inner-container is-layout-flow wp-block-group-is-layout-flow\">\n<h2 class=\"wp-block-heading\" id=\"wichtige-informationen-fur-die-autokaufer-aus-dem-ausland\">Informa\u021bii importante pentru cump\u0103r\u0103tori din str\u0103in\u0103tate.<\/h2>\n\n\n\n<p>Aici ve\u021bi g\u0103si informa\u021bii importante, \u0219i Link-uri c\u0103tre subiecte:<\/p>\n\n\n\n<ul class=\"is-style-default wp-block-list\"><li><strong>Eliberarea \u00een UE \u0219i Non-UE<\/strong><\/li><li><strong>Export simbol (de asemenea, vamale sau export indicator numit)<\/strong><\/li><li><strong>Scurt pavilion<\/strong><\/li><li><strong>Asigurare<\/strong><\/li><\/ul>\n\n\n\n<p>Dac\u0103 ave\u021bi nevoie de ajutor, v\u0103 rug\u0103m s\u0103 contacta\u021bi personalul nostru, ei sunt ferici\u021bi s\u0103 v\u0103 ajut\u0103m.<br><\/p>\n<\/div><\/div>\n\n\n\n<hr class=\"wp-block-separator has-text-color has-black-color has-css-opacity has-black-background-color has-background is-style-wide\"\/>\n\n\n\n<div class=\"wp-block-group p-flattersatz has-text-color\" style=\"color:#00244b\"><div class=\"wp-block-group__inner-container is-layout-flow wp-block-group-is-layout-flow\">\n<h2 class=\"wp-block-heading\" id=\"uberfuhrung-in-eu-und-nicht-eu-lander\">Eliberarea \u00een UE \u0219i Non-UE<\/h2>\n\n\n\n<p>C\u0103l\u0103toria este de a merge \u00een str\u0103in\u0103tate, alte formalit\u0103\u021bi necesare. Statele Membre ale UE s\u0103 accepte german\u0103 indicator pe termen scurt. Dar chiar \u0219i un a\u0219a-numit export marca mai \u2013 mai devreme a fost vamale sau export indicator numit \u2013 poate fi necesar\u0103. Costuri de admitere, \u00een func\u021bie de \u021bara de destina\u021bie aproximativ 30 la 50 de Euro, ad\u0103ug\u00e2nd costurile pentru etichete, chiar \u0219i \u00een \u00een\u0103l\u021bime de la 20 la 40 de euro. Vehiculele utilizate care sunt pentru a primi un export marca trebuie s\u0103 fie prezentate \u00een statul de \u0219ofer \u0219i Vehicul de licen\u021biere Agen\u021bia.<br><br>Este esen\u021bial \u00een fiecare caz c\u0103, la momentul aplic\u0103rii pentru autorit\u0103\u021bile de la o poli\u021b\u0103 de asigurare este demonstrat\u0103. Valabil export mark \u00eentre 14 zile p\u00e2n\u0103 la un maxim de un an. De asemenea, taxa auto va fi pre-trase.<\/p>\n\n\n\n<p><span style=\"text-decoration: underline;\">Link-Uri Importante:<\/span><\/p>\n\n\n\n<p class=\"has-vivid-cyan-blue-color has-text-color\"><a rel=\"noreferrer noopener\" href=\"https:\/\/www.mobile.de\/magazin\/artikel\/auto-ueberfuehren-diese-kosten-entstehen-15780#uberfuhrung-in-eu-und-nicht-eu-lander\" data-type=\"URL\" data-id=\"https:\/\/www.mobile.de\/magazin\/artikel\/auto-ueberfuehren-diese-kosten-entstehen-15780#uberfuhrung-in-eu-und-nicht-eu-lander\" target=\"_blank\">mobile.de &gt; de Pres\u0103 \u00een UE \u0219i Non-UE<\/a><a rel=\"noreferrer noopener\" href=\"https:\/\/www.zoll.de\/DE\/Unternehmen\/Warenverkehr\/Ausfuhr-in-einen-Nicht-EU-Staat\/Zoll-und-Steuern\/Grundsaetzliches\/grundsaetzliches_node.html\" data-type=\"URL\" data-id=\"https:\/\/www.zoll.de\/DE\/Unternehmen\/Warenverkehr\/Ausfuhr-in-einen-Nicht-EU-Staat\/Zoll-und-Steuern\/Grundsaetzliches\/grundsaetzliches_node.html\" target=\"_blank\"><br>taxe zoll.de &gt; de baz\u0103 \u0219i impozitele pe procedura de export<\/a><br><a rel=\"noreferrer noopener\" href=\"https:\/\/www.zoll.de\/DE\/Privatpersonen\/Reisen\/Reisen-nach-Deutschland-aus-einem-nicht-eu-Staat\/Zoll-und-Steuern\/Kauf-von-Kraftfahrzeugen\/kauf-von-kraftfahrzeugen_node.html\" data-type=\"URL\" data-id=\"https:\/\/www.zoll.de\/DE\/Privatpersonen\/Reisen\/Reisen-nach-Deutschland-aus-einem-nicht-eu-Staat\/Zoll-und-Steuern\/Kauf-von-Kraftfahrzeugen\/kauf-von-kraftfahrzeugen_node.html\" target=\"_blank\">zoll.de &gt; exportul de autovehicule de c\u0103tre persoane fizice<\/a><\/p>\n<\/div><\/div>\n\n\n\n<hr class=\"wp-block-separator has-text-color has-black-color has-css-opacity has-black-background-color has-background is-style-wide\"\/>\n\n\n\n<div class=\"wp-block-group p-flattersatz has-text-color\" style=\"color:#00244b\"><div class=\"wp-block-group__inner-container is-layout-flow wp-block-group-is-layout-flow\">\n<h2 class=\"wp-block-heading\" id=\"ausfuhrkennzeichen-auch-zoll-oder-exportkennzeichen-genannt\">Export simbol (de asemenea, vamale sau export indicator numit)<\/h2>\n\n\n\n<p><span style=\"text-decoration: underline;\">Autoritatea emitent\u0103:<\/span><\/p>\n\n\n\n<p>Este alb cu negru, font \u0219i de pe partea dreapta, o bar\u0103 ro\u0219ie \u00een data de expirare negru este \u00een relief.<\/p>\n\n\n\n<p>De \u00eenmatriculare a vehiculului biroul sau oficiul pentru traficul rutier \u00een casa ta.&nbsp;<\/p>\n\n\n\n<ul class=\"wp-block-list\"><li>Vamale pl\u0103ci sunt max. Valabil pentru 12 luni<\/li><li>Nevoie de Ma\u0219ini speciale de asigurare (asigurare Auto) \u0219i sunt T\u00dcV-Plakette<\/li><\/ul>\n\n\n\n<p>Biroul de admitere s\u0103 prezinte urm\u0103toarele documente:<\/p>\n\n\n\n<ul class=\"wp-block-list\"><li>Pa\u0219aport sau carte de identitate<\/li><li>Confirmarea de asigurare&nbsp;&nbsp;&nbsp; &nbsp;&nbsp;&nbsp;<\/li><li>Certificat de \u00eenmatriculare partea I \u0219i partea a II-a (anterior: Masina de fals \u0219i de Automobile)<\/li><li>Dovada valabil principal de inspec\u021bie \u00een conformitate cu articolul 29 StVZO&nbsp;&nbsp;&nbsp; &nbsp;&nbsp;&nbsp; &nbsp;&nbsp;&nbsp;<br>(Uneori necesar\u0103 \u00een practic\u0103, \u00een plus fa\u021b\u0103 de un pa\u0219aport valabil de testare a emisiilor&nbsp;&nbsp;&nbsp;<\/li><li>Dezafectare (\u00een cazul de-a \u00eenregistrat vehicule)&nbsp;&nbsp;&nbsp; &nbsp;&nbsp;&nbsp; &nbsp;&nbsp;&nbsp; &nbsp;&nbsp;&nbsp;<\/li><li>eventual numere de \u00eenmatriculare vechi<\/li><\/ul>\n\n\n\n<p>Ve\u021bi primi biroul de admitere:&nbsp;&nbsp;&nbsp; &nbsp;&nbsp;&nbsp; &nbsp;&nbsp;&nbsp; &nbsp;&nbsp;&nbsp;<\/p>\n\n\n\n<ul class=\"wp-block-list\"><li>Temporar certificat de \u00eenregistrare, partea I, pentru export marca<\/li><li>Certificat de \u00eenmatriculare partea a II-a, dac\u0103 este cazul, cu o oprire de intrare pentru export marca<br><\/li><\/ul>\n\n\n\n<p>Pentru alocarea de export, marca anterioar\u0103 stergere a vehiculului nu este necesar\u0103, dar se poate face la cererea proprietarului.<\/p>\n\n\n\n<p>Vehiculul nu este \u00eenc\u0103 \u00een afara serviciului, trebuie s\u0103 fie prezentate de \u00eenmatriculare a vehiculului \/ certificat de \u00eenmatriculare partea I,talon \/ certificat de \u00eenmatriculare partea a II-a \u0219i a numerelor de \u00eenmatriculare.<\/p>\n\n\n\n<p>O demonstra\u021bie a autovehiculului este necesar\u0103 numai dac\u0103 nu a fost nici o aprobare prealabil\u0103 \u00een Germania \u0219i perioada de examinare principal este disponibil\u0103 doar p\u00e2n\u0103 la sf\u00e2r\u0219itul perioadei de valabilitate de export marca.<\/p>\n\n\n\n<p>Taxa de participare: 54,90 EUR pentru 63,60 EUR<\/p>\n\n\n\n<p class=\"has-text-color\" style=\"color:#00244b\">(Informa\u021biile au fost cu aten\u021bie a \u0219oferului \u0219i a Vehiculului de licen\u021biere Agen\u021bia \u00een Rostock selectat)<br><\/p>\n\n\n\n<p class=\"has-text-color\" style=\"color:#00244b\"><span style=\"text-decoration: underline;\">Stadtamt<\/span><br>KFZ-zulassungsstelle Rostock<br>Charles-Darwin-Inel 6<br>18059 Rostock<br>Telefon: 0381 381-3100<br>Fax: 0381 PC 381-9344<br>E-Mail: <a href=\"https:\/\/rathaus.rostock.de\/de\/contact-form\/adresse\/16284\/%22Fahrzeugzulassung,%20%20Ausfuhrkennzeichen%22\">trimite<\/a><br>Web: <a href=\"https:\/\/rathaus.rostock.de\/de\/service\/aemter\/stadtamt\/kfz_zulassungsstelle\/fahrzeugzulassung_ausfuhrkennzeichen\/263147\" data-type=\"URL\" data-id=\"https:\/\/rathaus.rostock.de\/de\/service\/aemter\/stadtamt\/kfz_zulassungsstelle\/fahrzeugzulassung_ausfuhrkennzeichen\/263147\" target=\"_blank\" rel=\"noreferrer noopener\">Kfz Zulassungsstelle Rostock<\/a><\/p>\n\n\n\n<p class=\"has-text-color\" style=\"color:#00244b\"><span style=\"text-decoration: underline;\">Link-Uri Importante:<\/span><\/p>\n\n\n\n<p class=\"has-vivid-cyan-blue-color has-text-color\"><a rel=\"noreferrer noopener\" href=\"https:\/\/www.adac.de\/rund-ums-fahrzeug\/auto-kaufen-verkaufen\/import-export\/ausfuhrkennzeichen-zollkennzeichen\/\" data-type=\"URL\" data-id=\"https:\/\/www.adac.de\/rund-ums-fahrzeug\/auto-kaufen-verkaufen\/import-export\/ausfuhrkennzeichen-zollkennzeichen\/\" target=\"_blank\">adac.de &gt; export marcaje\/Vamale marcaje: Important pentru export auto<\/a><br><a rel=\"noreferrer noopener\" href=\"https:\/\/www.zoll.de\/DE\/Privatpersonen\/Reisen\/Reisen-nach-Deutschland-aus-einem-nicht-eu-Staat\/Zoll-und-Steuern\/Kauf-von-Kraftfahrzeugen\/kauf-von-kraftfahrzeugen.html\" data-type=\"URL\" data-id=\"https:\/\/www.zoll.de\/DE\/Privatpersonen\/Reisen\/Reisen-nach-Deutschland-aus-einem-nicht-eu-Staat\/Zoll-und-Steuern\/Kauf-von-Kraftfahrzeugen\/kauf-von-kraftfahrzeugen.html\" target=\"_blank\">zoll.de &gt; exportul de autovehicule de c\u0103tre persoane fizice<\/a><br><a rel=\"noreferrer noopener\" href=\"https:\/\/www.check24.de\/kfz-versicherung\/automagazin\/thema\/kennzeichen\/ausfuhrkennzeichen\/\" data-type=\"URL\" data-id=\"https:\/\/www.check24.de\/kfz-versicherung\/automagazin\/thema\/kennzeichen\/ausfuhrkennzeichen\/\" target=\"_blank\">check24.de &gt; utilizare, cost \u0219i de export valabile de \u00eenmatriculare<\/a><\/p>\n\n\n\n<p><\/p>\n<\/div><\/div>\n\n\n\n<hr class=\"wp-block-separator has-text-color has-black-color has-css-opacity has-black-background-color has-background is-style-wide\"\/>\n\n\n\n<div class=\"wp-block-group p-flattersatz has-text-color\" style=\"color:#00244b\"><div class=\"wp-block-group__inner-container is-layout-flow wp-block-group-is-layout-flow\">\n<h2 class=\"wp-block-heading\" id=\"kurzkennzeichen\">Scurt pavilion<\/h2>\n\n\n\n<p class=\"has-text-color\" style=\"color:#00244b\">La scurt marc\u0103 \u00een Rostock Cerere:<\/p>\n\n\n\n<p class=\"has-text-color\" style=\"color:#00244b\">Indicatorii pe termen scurt sunt doar pentru proba, testare \u0219i livrare excursii \u00een Germania sunt permise. Pute\u021bi aplica pentru un maxim de cinci zile de la data cererii. Utilizarea este restric\u021bionat\u0103 pentru non-existente de autoriza\u021bie de exploatare sau un invalid examinare principal \u00een urm\u0103toarele cazuri:<\/p>\n\n\n\n<ul class=\"has-text-color wp-block-list\" style=\"color:#00244b\"><li>C\u0103l\u0103torii dus-\u00eentors p\u00e2n\u0103 la cel mai apropiat centru de examinare \u00een cartierul \u00eenregistrare<\/li><li>C\u0103l\u0103torii dus-\u00eentors de la un vecin district<\/li><\/ul>\n\n\n\n<p class=\"has-text-color\" style=\"color:#00244b\">Numai \u00een caz de trecere ancheta principal\u0103 sau, \u00een caz de ob\u021binere a licen\u021bei de operare pentru a continua de conducere \u00een \u00eentregul teritoriu Federal este posibil.<\/p>\n\n\n\n<p class=\"has-text-color\" style=\"color:#00244b\"><span style=\"text-decoration: underline;\">Link-Uri Importante:<\/span><\/p>\n\n\n\n<p class=\"has-vivid-cyan-blue-color has-text-color\"><a rel=\"noreferrer noopener\" href=\"https:\/\/www.kennzeichenking.de\/zulassungsstelle\/rostock\/dienstleistung\/kurzzeitkennzeichen\" data-type=\"URL\" data-id=\"https:\/\/www.kennzeichenking.de\/zulassungsstelle\/rostock\/dienstleistung\/kurzzeitkennzeichen\" target=\"_blank\">Autoritatea De \u00cenregistrare Rostock<\/a><\/p>\n<\/div><\/div>\n\n\n\n<hr class=\"wp-block-separator has-text-color has-black-color has-css-opacity has-black-background-color has-background is-style-wide\"\/>\n\n\n\n<div class=\"wp-block-group p-flattersatz has-text-color\" style=\"color:#00244b\"><div class=\"wp-block-group__inner-container is-layout-flow wp-block-group-is-layout-flow\">\n<h2 class=\"wp-block-heading\" id=\"versicherungen\">Asigurare<\/h2>\n\n\n\n<p class=\"has-text-color\" style=\"color:#00244b\">Pentru a aplica pentru export mark, ai nevoie de o separat al treilea-petrecere de asigurare Auto. Acesta este disponibil \u00een cele mai multe cazuri, &#034;scut-maker&#034; \u00een imediata apropiere a \u0219oferului \u0219i a Vehiculului de licen\u021biere Agen\u021bia.<\/p>\n\n\n\n<p class=\"has-text-color\" style=\"color:#00244b\"><span style=\"text-decoration: underline;\">Link-Uri Importante:<\/span><\/p>\n\n\n\n<p class=\"has-vivid-cyan-blue-color has-text-color\"><a rel=\"noreferrer noopener\" href=\"https:\/\/www.ospa.de\/de\/home\/privatkunden\/versicherungen\/kfz-versicherung-pnw-xhtml.html\" data-type=\"URL\" data-id=\"https:\/\/www.ospa.de\/de\/home\/privatkunden\/versicherungen\/kfz-versicherung-pnw-xhtml.html\" target=\"_blank\">ospa.de &gt; asigurare Auto<\/a><br><a rel=\"noreferrer noopener\" href=\"https:\/\/www.cosmosdirekt.de\/autoversicherung\/ueberfuehrungskennzeichen\/\" data-type=\"URL\" data-id=\"https:\/\/www.cosmosdirekt.de\/autoversicherung\/ueberfuehrungskennzeichen\/\" target=\"_blank\">cosmosdirekt.de &gt; indicator pentru Transportul \u0219i Transferul de autovehicule<\/a><br><a rel=\"noreferrer noopener\" href=\"https:\/\/www.allianzdirect.de\/kfz-versicherung\/ausfuhrkennzeichen-ratgeber\/\" data-type=\"URL\" data-id=\"https:\/\/www.allianzdirect.de\/kfz-versicherung\/ausfuhrkennzeichen-ratgeber\/\" target=\"_blank\">allianzdirect.de &gt; export marca<\/a><\/p>\n<\/div><\/div>\n\n\n\n<p><\/p>","protected":false},"excerpt":{"rendered":"<p>Wichtige Informationen f\u00fcr die Autok\u00e4ufer aus dem Ausland. Hier finden Sie wichtige informationen und Links zu den Themen: \u00dcberf\u00fchrung in EU- und Nicht-EU-L\u00e4nder Ausfuhrkennzeichen (auch Zoll- oder Exportkennzeichen genannt) Kurzkennzeichen Versicherungen Wenn Sie hilfe ben\u00f6tigen wenden Sie bitte an unsere mitarbeiter, sie helfen ihnen gern. \u00dcberf\u00fchrung in EU- und Nicht-EU-L\u00e4nder Soll die Reise ins Ausland [&hellip;]<\/p>\n","protected":false},"author":1,"featured_media":0,"parent":0,"menu_order":0,"comment_status":"closed","ping_status":"closed","template":"page-weitere-informationen.php","meta":{"footnotes":""},"class_list":["post-20888","page","type-page","status-publish","hentry"],"_links":{"self":[{"href":"https:\/\/emauto.de\/ro\/wp-json\/wp\/v2\/pages\/20888","targetHints":{"allow":["GET"]}}],"collection":[{"href":"https:\/\/emauto.de\/ro\/wp-json\/wp\/v2\/pages"}],"about":[{"href":"https:\/\/emauto.de\/ro\/wp-json\/wp\/v2\/types\/page"}],"author":[{"embeddable":true,"href":"https:\/\/emauto.de\/ro\/wp-json\/wp\/v2\/users\/1"}],"replies":[{"embeddable":true,"href":"https:\/\/emauto.de\/ro\/wp-json\/wp\/v2\/comments?post=20888"}],"version-history":[{"count":0,"href":"https:\/\/emauto.de\/ro\/wp-json\/wp\/v2\/pages\/20888\/revisions"}],"wp:attachment":[{"href":"https:\/\/emauto.de\/ro\/wp-json\/wp\/v2\/media?parent=20888"}],"curies":[{"name":"wp","href":"https:\/\/api.w.org\/{rel}","templated":true}]}}