{"id":21713,"date":"2023-01-12T19:46:32","date_gmt":"2023-01-12T19:46:32","guid":{"rendered":"https:\/\/emauto.de\/?page_id=21713"},"modified":"2023-01-12T21:55:48","modified_gmt":"2023-01-12T21:55:48","slug":"die-zukunft-der-mobilitaet","status":"publish","type":"page","link":"https:\/\/emauto.de\/ro\/die-zukunft-der-mobilitaet\/","title":{"rendered":"Die Zukunft der Mobilit\u00e4t"},"content":{"rendered":"<div style=\"height:100px\" aria-hidden=\"true\" class=\"wp-block-spacer\"><\/div>\n\n\n\n<h2 class=\"wp-block-heading\">Die Zukunft der Mobilit\u00e4t: Elektrofahrzeuge und ihre Bedeutung f\u00fcr die Automobilbranche in Rostock<\/h2>\n\n\n\n<p>Die Automobilbranche befindet sich in einem st\u00e4ndigen Wandel und Elektrofahrzeuge spielen dabei eine immer gr\u00f6\u00dfere Rolle. Mit der steigenden Nachfrage nach umweltfreundlichen und nachhaltigen Fortbewegungsmitteln, setzen immer mehr Hersteller auf die Produktion von Elektrofahrzeugen.<\/p>\n\n\n\n<p>Auch in Rostock sind die Elektrofahrzeuge auf dem Vormarsch. Immer mehr Menschen entscheiden sich daf\u00fcr, auf ein Elektroauto umzusteigen, um ihren Beitrag zum Umweltschutz zu leisten. Doch Elektrofahrzeuge bieten nicht nur \u00f6kologische Vorteile, sondern auch wirtschaftliche. Sie sind in der Anschaffung zwar noch etwas teurer als vergleichbare Fahrzeuge mit Verbrennungsmotor, jedoch sinken die Kosten durch staatliche F\u00f6rderungen und die geringeren Betriebskosten auf lange Sicht.<\/p>\n\n\n\n<p>Die Zukunft der Automobilbranche in Rostock ist also klar: Elektromobilit\u00e4t. EMAUTO, als einer der gr\u00f6\u00dften Gebrauchtwagenh\u00e4ndler in Rostock, erkennt diesen Trend und setzt sich daf\u00fcr ein, immer mehr Elektrofahrzeuge in unserem Angebot zu haben, um unseren Kunden eine gr\u00f6\u00dfere Auswahl an umweltfreundlichen Optionen zu bieten.<\/p>\n\n\n\n<p>Wir sind uns sicher, dass Elektrofahrzeuge in Zukunft einen immer gr\u00f6\u00dferen Anteil am Stra\u00dfenverkehr haben werden und wir freuen uns darauf, unsere Kunden auf ihrem Weg zur Elektromobilit\u00e4t zu unterst\u00fctzen. Besuchen Sie uns noch heute in Rostock und lassen Sie sich von unserem Team beraten. Wir helfen Ihnen gerne dabei, das perfekte Elektroauto f\u00fcr Ihre Bed\u00fcrfnisse zu finden.<\/p>","protected":false},"excerpt":{"rendered":"<p>Die Zukunft der Mobilit\u00e4t: Elektrofahrzeuge und ihre Bedeutung f\u00fcr die Automobilbranche in Rostock Die Automobilbranche befindet sich in einem st\u00e4ndigen Wandel und Elektrofahrzeuge spielen dabei eine immer gr\u00f6\u00dfere Rolle. Mit der steigenden Nachfrage nach umweltfreundlichen und nachhaltigen Fortbewegungsmitteln, setzen immer mehr Hersteller auf die Produktion von Elektrofahrzeugen. Auch in Rostock sind die Elektrofahrzeuge auf dem [&hellip;]<\/p>\n","protected":false},"author":1,"featured_media":0,"parent":0,"menu_order":0,"comment_status":"closed","ping_status":"closed","template":"","meta":{"footnotes":""},"class_list":["post-21713","page","type-page","status-publish","hentry"],"_links":{"self":[{"href":"https:\/\/emauto.de\/ro\/wp-json\/wp\/v2\/pages\/21713","targetHints":{"allow":["GET"]}}],"collection":[{"href":"https:\/\/emauto.de\/ro\/wp-json\/wp\/v2\/pages"}],"about":[{"href":"https:\/\/emauto.de\/ro\/wp-json\/wp\/v2\/types\/page"}],"author":[{"embeddable":true,"href":"https:\/\/emauto.de\/ro\/wp-json\/wp\/v2\/users\/1"}],"replies":[{"embeddable":true,"href":"https:\/\/emauto.de\/ro\/wp-json\/wp\/v2\/comments?post=21713"}],"version-history":[{"count":4,"href":"https:\/\/emauto.de\/ro\/wp-json\/wp\/v2\/pages\/21713\/revisions"}],"predecessor-version":[{"id":21723,"href":"https:\/\/emauto.de\/ro\/wp-json\/wp\/v2\/pages\/21713\/revisions\/21723"}],"wp:attachment":[{"href":"https:\/\/emauto.de\/ro\/wp-json\/wp\/v2\/media?parent=21713"}],"curies":[{"name":"wp","href":"https:\/\/api.w.org\/{rel}","templated":true}]}}